{"id":30847,"date":"2018-06-04T04:32:19","date_gmt":"2018-06-04T04:32:19","guid":{"rendered":"http:\/\/lowcostwebagency.com\/?post_type=product&#038;p=30847"},"modified":"2022-05-10T08:16:31","modified_gmt":"2022-05-10T08:16:31","slug":"ip-dediees","status":"publish","type":"product","link":"https:\/\/www.lowcostwebagency.com\/fr\/ip-dediees\/","title":{"rendered":"IP d\u00e9di\u00e9e"},"content":{"rendered":"","protected":false},"excerpt":{"rendered":"<p><span id=\"ctl00_ctl00_ctl00_ctl00_base_content_web_base_content_home_content_page_content_left_ArticleInfoDisplayControl1\">La diff\u00e9rence entre les adresses IP partag\u00e9es et les adresses <strong> IP d\u00e9di\u00e9es<\/strong> est tr\u00e8s simple. Une adresse IP partag\u00e9e est une adresse unique utilis\u00e9e par plusieurs sites Web au sein d&rsquo;un m\u00eame serveur Web. Dans ce cas, le serveur web devrait faire du travail suppl\u00e9mentaire, en analysant la demande de l&rsquo;utilisateur vers le bon site web. <strong>Avoir une adresse IP d\u00e9di\u00e9e, cela signifie que le site web a sa propre adresse<\/strong>. L&rsquo;utilisation d&rsquo;une adresse IP d\u00e9di\u00e9e pr\u00e9sente certains avantages cruciaux :<\/span><\/p>\n<ul>\n<li>C&rsquo;est bon pour une identit\u00e9 d&rsquo;entreprise, la confiance et le classement dans les moteurs de recherche<\/li>\n<li>Il est n\u00e9cessaire pour des applications\/scripts tiers particuliers<\/li>\n<li>Il est b\u00e9n\u00e9fique pour la r\u00e9putation de l&rsquo;exp\u00e9diteur du courriel.<\/li>\n<\/ul>\n","protected":false},"featured_media":32987,"template":"","meta":{"_links_to":"","_links_to_target":""},"product_brand":[],"product_cat":[1133],"product_tag":[847,848,849],"class_list":{"0":"post-30847","1":"product","2":"type-product","3":"status-publish","4":"has-post-thumbnail","6":"product_cat-composite-products-fr","7":"product_tag-dedicated-ip","8":"product_tag-email-senders-reputation","9":"product_tag-quite-simple","11":"first","12":"instock","13":"shipping-taxable","14":"purchasable","15":"product-type-variable"},"composite_virtual":false,"composite_layout":"","composite_add_to_cart_form_location":"","composite_editable_in_cart":false,"composite_sold_individually_context":"","composite_shop_price_calc":"","composite_components":[],"composite_scenarios":[],"_links":{"self":[{"href":"https:\/\/www.lowcostwebagency.com\/fr\/wp-json\/wp\/v2\/product\/30847","targetHints":{"allow":["GET"]}}],"collection":[{"href":"https:\/\/www.lowcostwebagency.com\/fr\/wp-json\/wp\/v2\/product"}],"about":[{"href":"https:\/\/www.lowcostwebagency.com\/fr\/wp-json\/wp\/v2\/types\/product"}],"wp:featuredmedia":[{"embeddable":true,"href":"https:\/\/www.lowcostwebagency.com\/fr\/wp-json\/wp\/v2\/media\/32987"}],"wp:attachment":[{"href":"https:\/\/www.lowcostwebagency.com\/fr\/wp-json\/wp\/v2\/media?parent=30847"}],"wp:term":[{"taxonomy":"product_brand","embeddable":true,"href":"https:\/\/www.lowcostwebagency.com\/fr\/wp-json\/wp\/v2\/product_brand?post=30847"},{"taxonomy":"product_cat","embeddable":true,"href":"https:\/\/www.lowcostwebagency.com\/fr\/wp-json\/wp\/v2\/product_cat?post=30847"},{"taxonomy":"product_tag","embeddable":true,"href":"https:\/\/www.lowcostwebagency.com\/fr\/wp-json\/wp\/v2\/product_tag?post=30847"}],"curies":[{"name":"wp","href":"https:\/\/api.w.org\/{rel}","templated":true}]}}