{"id":30964,"date":"2016-11-29T09:28:49","date_gmt":"2018-07-02T06:11:55","guid":{"rendered":"http:\/\/lowcostwebagency.com\/?post_type=product&#038;p=30964"},"modified":"2022-05-10T06:56:21","modified_gmt":"2022-05-10T06:56:21","slug":"statistiques-google","status":"publish","type":"product","link":"https:\/\/www.lowcostwebagency.com\/fr\/statistiques-google\/","title":{"rendered":"Statistiques Google"},"content":{"rendered":"<h2>Low Cost Web Agency relie votre site Web \u00e0 la plateforme Google Analytics et optimise et configure tous les rapports dont vous avez besoin pour am\u00e9liorer les performances de votre site et mesurer le retour sur investissement de votre strat\u00e9gie Web.<\/h2>\n<h3>Obtenez un rapport complet sur la performance de votre site Web et ses visiteurs \u00e0 prix Low Cost gr\u00e2ce \u00e0 Google Analytics\u202f!<\/h3>\n<h4>Google Analytics est la plateforme qui permet de mesurer les performances de votre site Web et de vous offrir les statistiques li\u00e9s aux visites et aux ventes g\u00e9n\u00e9r\u00e9s sur votre site Web.<\/h4>\n<p>Nous adaptons chaque rapport Google en fonction de vos besoins sp\u00e9cifiques et de l&rsquo;objectif principal de votre site Web et de votre entreprise. Pour r\u00e9ussir, il est indispensable de comprendre sur quoi vos visiteurs cliquent le plus et le moins sur les pages de votre site Web. Cela signifie que vous pouvez obtenir les statistiques provenant de chaque clic de vos visiteurs. C&rsquo;est pourquoi, Google Analytics est n\u00e9cessaire pour d\u00e9finir l&rsquo;am\u00e9lioration n\u00e9cessaire que vous pouvez faire sur votre site Web afin d&rsquo;am\u00e9liorer sa visibilit\u00e9 et de l&rsquo;utiliser comme levier puissant pour conqu\u00e9rir de nouveau march\u00e9.<\/p>\n<p>De plus, vous pouvez \u00e9galement choisir de lier votre page d&rsquo;accueil ou votre site Web \u00e0 votre campagne Google AdWords, vos campagnes de publicit\u00e9s payantes. Lorsque les gens cliqueront sur vos annonces, Google Analytics suivra ces clics et calculera votre<strong> taux de conversion des clics en ventes effectives et le retour sur investissement de votre campagne, en consid\u00e9rant sont cout !<\/strong><\/p>\n<h3>Low Cost Web Agency vous fournit l&rsquo;outil et les rapports pertinents Google Analytics Low Cost pour analyser efficacement les visites et les performances de votre site Web !<\/h3>\n<p>Afin de vous fournir le service ad\u00e9quat, nous avons besoin de savoir \u00e0 quel stade de mise en \u0153uvre et d&rsquo;utilisation de Google Analytics vous vous trouvez actuellement ! Vous pouvez choisir parmi deux options diff\u00e9rentes : Configurer Google Analytics et\/ou l&rsquo;optimisation de Google Analytics.<\/p>\n<p>Nous \u00e9tudions, en premier lieu, les objectifs de votre site Web et connectons et int\u00e9grons Google Analytics pour vous fournir des rapports r\u00e9guliers qui seront des supports pour vos prises de d\u00e9cision. Ensuite, nos experts Google examinent vos param\u00e8tres actuels et mettent en place les changements afin d&rsquo;optimiser le rapport d&rsquo;analyse Google le plus adapt\u00e9 et personnalis\u00e9 suivant vos besoins.<\/p>\n<p>Utilisez la puissance des statistiques sur votre site Web fournit par Google. C&rsquo;est pas cher, c&rsquo;est Low Cost Web Agency !<\/p>\n<p><a href=\"https:\/\/www.lowcostwebagency.com\/fr\/statistiques-google\/\" rel=\"\">D\u00e9couvrez comment Google d\u00e9cide de classer votre site<\/a><\/p>\n","protected":false},"excerpt":{"rendered":"<p>Low Cost Web Agency r\u00e9dige et structure le rapport dont vous avez besoin pour voir les actions et les clics de vos visiteurs sur votre site web.<\/p>\n<p>Ce n&rsquo;est qu&rsquo;en mesurant ce que votre public fait sur votre site Web que vous pouvez am\u00e9liorer la qualit\u00e9 et augmenter le nombre de personnes qui visitent votre site ! Low Cost Web Agency personnalise vos rapports, vous aidant ainsi \u00e0 comprendre et \u00e0 agir en fonction des pr\u00e9f\u00e9rences de vos visiteurs.<\/p>\n","protected":false},"featured_media":31371,"template":"","meta":{"_links_to":"","_links_to_target":""},"product_brand":[],"product_cat":[1161,1162,1160],"product_tag":[],"class_list":{"0":"post-30964","1":"product","2":"type-product","3":"status-publish","4":"has-post-thumbnail","6":"product_cat-audit-analyse","7":"product_cat-analytics-google","8":"product_cat-marketing-web","10":"first","11":"instock","12":"shipping-taxable","13":"purchasable","14":"product-type-variable"},"composite_virtual":false,"composite_layout":"","composite_add_to_cart_form_location":"","composite_editable_in_cart":false,"composite_sold_individually_context":"","composite_shop_price_calc":"","composite_components":[],"composite_scenarios":[],"_links":{"self":[{"href":"https:\/\/www.lowcostwebagency.com\/fr\/wp-json\/wp\/v2\/product\/30964","targetHints":{"allow":["GET"]}}],"collection":[{"href":"https:\/\/www.lowcostwebagency.com\/fr\/wp-json\/wp\/v2\/product"}],"about":[{"href":"https:\/\/www.lowcostwebagency.com\/fr\/wp-json\/wp\/v2\/types\/product"}],"wp:featuredmedia":[{"embeddable":true,"href":"https:\/\/www.lowcostwebagency.com\/fr\/wp-json\/wp\/v2\/media\/31371"}],"wp:attachment":[{"href":"https:\/\/www.lowcostwebagency.com\/fr\/wp-json\/wp\/v2\/media?parent=30964"}],"wp:term":[{"taxonomy":"product_brand","embeddable":true,"href":"https:\/\/www.lowcostwebagency.com\/fr\/wp-json\/wp\/v2\/product_brand?post=30964"},{"taxonomy":"product_cat","embeddable":true,"href":"https:\/\/www.lowcostwebagency.com\/fr\/wp-json\/wp\/v2\/product_cat?post=30964"},{"taxonomy":"product_tag","embeddable":true,"href":"https:\/\/www.lowcostwebagency.com\/fr\/wp-json\/wp\/v2\/product_tag?post=30964"}],"curies":[{"name":"wp","href":"https:\/\/api.w.org\/{rel}","templated":true}]}}