{"id":32520,"date":"2019-01-21T05:57:16","date_gmt":"2019-01-21T05:57:16","guid":{"rendered":"http:\/\/lowcostwebagency.com\/?post_type=product&#038;p=32520"},"modified":"2022-05-10T08:24:04","modified_gmt":"2022-05-10T08:24:04","slug":"1-year-guarantee","status":"publish","type":"product","link":"https:\/\/www.lowcostwebagency.com\/fr\/1-year-guarantee\/","title":{"rendered":"Garantie 1 an"},"content":{"rendered":"","protected":false},"excerpt":{"rendered":"<p style=\"text-align: justify;\"><strong>La maintenance ordinaire des syst\u00e8mes d&rsquo;h\u00e9bergement est incluse dans tous nos services de conception de sites Web si votre site Web est h\u00e9berg\u00e9 sur nos serveurs et que vous avez achet\u00e9 l&rsquo;option Maintenance, Assistance, Garantie.<\/strong> La maintenance ordinaire inclut toute mise \u00e0 jour requise du CMS, Th\u00e8me\/Mod\u00e8le, Plugin, composant \u00e0 la condition que vous n&rsquo;ayez modifi\u00e9 aucun des fichiers de base. C&rsquo;est un peu comme pour un smartphone, si vous le rootez ou le modifiez, vous perdrez la garantie. Vous pouvez faire n&rsquo;importe quel changement sur votre site Web concernant vos textes, contenus, images, etc. mais pas la structure. Si vous le faites, nous ne pouvons pas \u00eatre responsables des co\u00fbts d&rsquo;entretien suppl\u00e9mentaires\u2026<\/p>\n","protected":false},"featured_media":32993,"template":"","meta":{"_links_to":"","_links_to_target":""},"product_brand":[],"product_cat":[1133],"product_tag":[],"class_list":{"0":"post-32520","1":"product","2":"type-product","3":"status-publish","4":"has-post-thumbnail","6":"product_cat-composite-products-fr","8":"first","9":"instock","10":"shipping-taxable","11":"purchasable","12":"product-type-variable"},"composite_virtual":false,"composite_layout":"","composite_add_to_cart_form_location":"","composite_editable_in_cart":false,"composite_sold_individually_context":"","composite_shop_price_calc":"","composite_components":[],"composite_scenarios":[],"_links":{"self":[{"href":"https:\/\/www.lowcostwebagency.com\/fr\/wp-json\/wp\/v2\/product\/32520","targetHints":{"allow":["GET"]}}],"collection":[{"href":"https:\/\/www.lowcostwebagency.com\/fr\/wp-json\/wp\/v2\/product"}],"about":[{"href":"https:\/\/www.lowcostwebagency.com\/fr\/wp-json\/wp\/v2\/types\/product"}],"wp:featuredmedia":[{"embeddable":true,"href":"https:\/\/www.lowcostwebagency.com\/fr\/wp-json\/wp\/v2\/media\/32993"}],"wp:attachment":[{"href":"https:\/\/www.lowcostwebagency.com\/fr\/wp-json\/wp\/v2\/media?parent=32520"}],"wp:term":[{"taxonomy":"product_brand","embeddable":true,"href":"https:\/\/www.lowcostwebagency.com\/fr\/wp-json\/wp\/v2\/product_brand?post=32520"},{"taxonomy":"product_cat","embeddable":true,"href":"https:\/\/www.lowcostwebagency.com\/fr\/wp-json\/wp\/v2\/product_cat?post=32520"},{"taxonomy":"product_tag","embeddable":true,"href":"https:\/\/www.lowcostwebagency.com\/fr\/wp-json\/wp\/v2\/product_tag?post=32520"}],"curies":[{"name":"wp","href":"https:\/\/api.w.org\/{rel}","templated":true}]}}