{"id":32525,"date":"2019-01-21T06:37:27","date_gmt":"2019-01-21T06:37:27","guid":{"rendered":"http:\/\/lowcostwebagency.com\/?post_type=product&#038;p=32525"},"modified":"2022-05-10T08:23:43","modified_gmt":"2022-05-10T08:23:43","slug":"hebergement-2","status":"publish","type":"product","link":"https:\/\/www.lowcostwebagency.com\/fr\/hebergement-2\/","title":{"rendered":"H\u00e9bergement"},"content":{"rendered":"","protected":false},"excerpt":{"rendered":"<p>L&rsquo;h\u00e9bergement est n\u00e9cessaire pour abriter votre domaine et vos courriels. Vous n&rsquo;\u00eates PAS oblig\u00e9 d&rsquo;h\u00e9berger votre site avec nous, mais nous vous SUGG\u00c9RONS fortement de le faire ! Nos services d&rsquo;h\u00e9bergement, en collaboration avec Siteground (<a href=\"https:\/\/www.codeinwp.com\/blog\/best-wordpress-hosting\/#fball\" target=\"_blank\" rel=\"nofollow noopener noreferrer\">le meilleur h\u00e9bergement mondial<\/a>), sont fournis avec des courriels avec votre nom de domaine, de l&rsquo;espace de stockage, des outils de base de donn\u00e9es et de s\u00e9curit\u00e9 et d&rsquo;autres fonctionnalit\u00e9s. Les projets qui impliquent une programmation personnalis\u00e9e doivent \u00eatre h\u00e9berg\u00e9s chez Low Cost Web Agency Pvt. Ltd. pour s&rsquo;assurer que les programmes que nous \u00e9crivons fonctionneront. Notre garantie, maintenance, assistance n&rsquo;est valable que si vous optez pour l&rsquo;un de nos 2 packs d&rsquo;h\u00e9bergement. La diff\u00e9rence entre l&rsquo;h\u00e9bergement standard et l&rsquo;h\u00e9bergement vip est li\u00e9e \u00e0 l&rsquo;espace de stockage et au nombre d&rsquo;adresses-courriels disponibles. Si vous voulez h\u00e9berger votre site sur un autre serveur, s\u00e9lectionnez l&rsquo;option.<\/p>\n","protected":false},"featured_media":32538,"template":"","meta":{"_links_to":"","_links_to_target":""},"product_brand":[],"product_cat":[1133],"product_tag":[839,840,838],"class_list":{"0":"post-32525","1":"product","2":"type-product","3":"status-publish","4":"has-post-thumbnail","6":"product_cat-composite-products-fr","7":"product_tag-programming","8":"product_tag-security-tools","9":"product_tag-storage-space","11":"first","12":"instock","13":"shipping-taxable","14":"purchasable","15":"product-type-variable"},"composite_virtual":false,"composite_layout":"","composite_add_to_cart_form_location":"","composite_editable_in_cart":false,"composite_sold_individually_context":"","composite_shop_price_calc":"","composite_components":[],"composite_scenarios":[],"_links":{"self":[{"href":"https:\/\/www.lowcostwebagency.com\/fr\/wp-json\/wp\/v2\/product\/32525","targetHints":{"allow":["GET"]}}],"collection":[{"href":"https:\/\/www.lowcostwebagency.com\/fr\/wp-json\/wp\/v2\/product"}],"about":[{"href":"https:\/\/www.lowcostwebagency.com\/fr\/wp-json\/wp\/v2\/types\/product"}],"wp:featuredmedia":[{"embeddable":true,"href":"https:\/\/www.lowcostwebagency.com\/fr\/wp-json\/wp\/v2\/media\/32538"}],"wp:attachment":[{"href":"https:\/\/www.lowcostwebagency.com\/fr\/wp-json\/wp\/v2\/media?parent=32525"}],"wp:term":[{"taxonomy":"product_brand","embeddable":true,"href":"https:\/\/www.lowcostwebagency.com\/fr\/wp-json\/wp\/v2\/product_brand?post=32525"},{"taxonomy":"product_cat","embeddable":true,"href":"https:\/\/www.lowcostwebagency.com\/fr\/wp-json\/wp\/v2\/product_cat?post=32525"},{"taxonomy":"product_tag","embeddable":true,"href":"https:\/\/www.lowcostwebagency.com\/fr\/wp-json\/wp\/v2\/product_tag?post=32525"}],"curies":[{"name":"wp","href":"https:\/\/api.w.org\/{rel}","templated":true}]}}