{"id":32529,"date":"2019-01-21T06:47:14","date_gmt":"2019-01-21T06:47:14","guid":{"rendered":"http:\/\/lowcostwebagency.com\/?post_type=product&#038;p=32529"},"modified":"2022-05-10T08:25:33","modified_gmt":"2022-05-10T08:25:33","slug":"ssl","status":"publish","type":"product","link":"https:\/\/www.lowcostwebagency.com\/fr\/ssl\/","title":{"rendered":"SSL"},"content":{"rendered":"","protected":false},"excerpt":{"rendered":"<p><strong>Pourquoi est-il fortement recommand\u00e9 et parfois obligatoire de joindre un certificat SSL \u00e0 votre domaine et \u00e0 votre site Web ?<\/strong> Si vous voulez utiliser un site de commerce \u00e9lectronique ou similaire, SSL est obligatoire. Quand ce n&rsquo;est pas absolument obligatoire, c&rsquo;est le \u00ab\u00a0Roi\u00a0\u00bb Google qui fait la r\u00e8gle. Google a officiellement annonc\u00e9 que le passage de votre site Web de HTTP \u00e0 HTTPS sera consid\u00e9r\u00e9 comme un facteur de classement et donnera \u00e0 votre site un petit coup de pouce. Firefox Mozilla aussi, dans sa derni\u00e8re mise \u00e0 jour, donne un avertissement d&rsquo;erreur si des informations d&rsquo;identification ou d&rsquo;autres d\u00e9tails sensibles sont entr\u00e9s depuis un site HTTP qui n&rsquo;a pas encore migr\u00e9 vers HTTPS. Vos visiteurs et clients se sentiront en confiance lorsqu&rsquo;ils verront ce cadenas sur l&rsquo;URL. <img decoding=\"async\" class=\"size-full wp-image-29431\" style=\"vertical-align: middle;\" src=\"https:\/\/www.lowcostwebagency.com\/wp-content\/uploads\/2016\/12\/ssl.png\" alt=\"\" width=\"58\" height=\"18\" \/><br \/>\n<strong>Tout le monde fait confiance \u00e0 une URL avec HTTPS (HTTP + SSL).<br \/>\nNous prenons en charge la configuration compl\u00e8te, la mise en place et le renouvellement de votre certificat SSL \u00e9mis par Let&rsquo;s encrypt<\/strong>. Il suffit de choisir l&rsquo;option. Sinon, vous pouvez essayer de le faire vous-m\u00eame. Vous avez besoin de l&rsquo;option d&rsquo;acc\u00e8s Cpanel, Suivez ce guide (uniquement pour les utilisateurs avanc\u00e9s).<\/p>\n","protected":false},"featured_media":32542,"template":"","meta":{"_links_to":"","_links_to_target":""},"product_brand":[],"product_cat":[1133],"product_tag":[904,902,903,901],"class_list":{"0":"post-32529","1":"product","2":"type-product","3":"status-publish","4":"has-post-thumbnail","6":"product_cat-composite-products-fr","7":"product_tag-https-http-ssl","8":"product_tag-mandatory","9":"product_tag-renewals","10":"product_tag-ssl","12":"first","13":"instock","14":"shipping-taxable","15":"purchasable","16":"product-type-variable"},"composite_virtual":false,"composite_layout":"","composite_add_to_cart_form_location":"","composite_editable_in_cart":false,"composite_sold_individually_context":"","composite_shop_price_calc":"","composite_components":[],"composite_scenarios":[],"_links":{"self":[{"href":"https:\/\/www.lowcostwebagency.com\/fr\/wp-json\/wp\/v2\/product\/32529","targetHints":{"allow":["GET"]}}],"collection":[{"href":"https:\/\/www.lowcostwebagency.com\/fr\/wp-json\/wp\/v2\/product"}],"about":[{"href":"https:\/\/www.lowcostwebagency.com\/fr\/wp-json\/wp\/v2\/types\/product"}],"wp:featuredmedia":[{"embeddable":true,"href":"https:\/\/www.lowcostwebagency.com\/fr\/wp-json\/wp\/v2\/media\/32542"}],"wp:attachment":[{"href":"https:\/\/www.lowcostwebagency.com\/fr\/wp-json\/wp\/v2\/media?parent=32529"}],"wp:term":[{"taxonomy":"product_brand","embeddable":true,"href":"https:\/\/www.lowcostwebagency.com\/fr\/wp-json\/wp\/v2\/product_brand?post=32529"},{"taxonomy":"product_cat","embeddable":true,"href":"https:\/\/www.lowcostwebagency.com\/fr\/wp-json\/wp\/v2\/product_cat?post=32529"},{"taxonomy":"product_tag","embeddable":true,"href":"https:\/\/www.lowcostwebagency.com\/fr\/wp-json\/wp\/v2\/product_tag?post=32529"}],"curies":[{"name":"wp","href":"https:\/\/api.w.org\/{rel}","templated":true}]}}