{"id":32804,"date":"2019-03-08T09:50:35","date_gmt":"2019-03-08T10:24:11","guid":{"rendered":"http:\/\/lowcostwebagency.com\/?post_type=product&#038;p=32804"},"modified":"2022-05-10T08:22:28","modified_gmt":"2022-05-10T08:22:28","slug":"personnalise-services","status":"publish","type":"product","link":"https:\/\/www.lowcostwebagency.com\/fr\/personnalise-services\/","title":{"rendered":"Personnalis\u00e9 &#8211; Services"},"content":{"rendered":"<h2 data-fontsize=\"22\" data-lineheight=\"42\">Low Cost Web Agency vous aide \u00e0 mettre en place des fonctionnalit\u00e9s sp\u00e9cifiques ou \u00e0 r\u00e9soudre tout probl\u00e8me rencontr\u00e9 sur votre site web.<\/h2>\n<h3 data-fontsize=\"14\" data-lineheight=\"24\">B\u00e9n\u00e9ficiez d\u2019une assistance \u00e9conomique pour votre site web et profitez de plus de temps libre pour g\u00e9rer votre activit\u00e9 principale\u202f!<\/h3>\n<p>La plupart du temps, vous pouvez faire toutes les choses li\u00e9es \u00e0 votre site web seul\u2026. Certains probl\u00e8mes web sont assez faciles pour un d\u00e9veloppeur, mais peuvent \u00eatre tr\u00e8s difficiles \u00e0 r\u00e9soudre pour un non-professionnel. Probablement, cela prendra beaucoup de votre temps et nuira \u00e0 votre site web si vous ne consultez pas un professionnel ! Low Cost Web Agency aide toutes les entreprises en d\u00e9veloppant un codage sp\u00e9cifique pour vos besoins. Gr\u00e2ce \u00e0 nos techniciens, vous pouvez vous concentrer sur votre activit\u00e9 principale en ayant le temps de booster vos <strong>id\u00e9es et de\u00a0les concr\u00e9tiser<\/strong>. Notre \u00e9quipe de d\u00e9veloppeurs aime trouver pour chaque projet des solutions innovantes. Notre motivation est votre satisfaction et nous trouvons toujours le meilleur moyen de mettre en \u0153uvre vos id\u00e9es et de surmonter vos contraintes.<\/p>\n<p>Si vous n\u2019avez pas un\u00a0<strong>concept innovant<\/strong> en t\u00eate mais que vous souhaitez simplement que nous r\u00e9solvions un bug trouv\u00e9 sur votre site web, ne vous inqui\u00e9tez pas, vous \u00eates au bon endroit\u202f!<\/p>\n<p>Essayez d\u2019\u00eatre aussi pr\u00e9cis que possible dans votre demande. Nous vous recontacterons d\u00e9s que possible avec un prix fixe et raisonnable pour r\u00e9pondre \u00e0 vos besoins.<\/p>\n<p>Avant de demander un devis, veuillez v\u00e9rifier si le produit que vous recherchez n\u2019est pas d\u00e9j\u00e0 disponible dans notre catalogue.<\/p>\n","protected":false},"excerpt":{"rendered":"<p style=\"text-align: justify;\">Y-a-t-il un probl\u00e8me que vous aimeriez r\u00e9soudre ou un concept que vous aimeriez d\u00e9velopper ? Low Cost Web Agency est l\u00e0 pour r\u00e9pondre \u00e0 vos besoins de codage et de d\u00e9bogage.<\/p>\n","protected":false},"featured_media":32805,"template":"","meta":{"_links_to":"","_links_to_target":""},"product_brand":[],"product_cat":[1133],"product_tag":[],"class_list":{"0":"post-32804","1":"product","2":"type-product","3":"status-publish","4":"has-post-thumbnail","6":"product_cat-composite-products-fr","8":"first","9":"instock","10":"shipping-taxable","11":"purchasable","12":"product-type-simple"},"composite_virtual":false,"composite_layout":"","composite_add_to_cart_form_location":"","composite_editable_in_cart":false,"composite_sold_individually_context":"","composite_shop_price_calc":"","composite_components":[],"composite_scenarios":[],"_links":{"self":[{"href":"https:\/\/www.lowcostwebagency.com\/fr\/wp-json\/wp\/v2\/product\/32804","targetHints":{"allow":["GET"]}}],"collection":[{"href":"https:\/\/www.lowcostwebagency.com\/fr\/wp-json\/wp\/v2\/product"}],"about":[{"href":"https:\/\/www.lowcostwebagency.com\/fr\/wp-json\/wp\/v2\/types\/product"}],"wp:featuredmedia":[{"embeddable":true,"href":"https:\/\/www.lowcostwebagency.com\/fr\/wp-json\/wp\/v2\/media\/32805"}],"wp:attachment":[{"href":"https:\/\/www.lowcostwebagency.com\/fr\/wp-json\/wp\/v2\/media?parent=32804"}],"wp:term":[{"taxonomy":"product_brand","embeddable":true,"href":"https:\/\/www.lowcostwebagency.com\/fr\/wp-json\/wp\/v2\/product_brand?post=32804"},{"taxonomy":"product_cat","embeddable":true,"href":"https:\/\/www.lowcostwebagency.com\/fr\/wp-json\/wp\/v2\/product_cat?post=32804"},{"taxonomy":"product_tag","embeddable":true,"href":"https:\/\/www.lowcostwebagency.com\/fr\/wp-json\/wp\/v2\/product_tag?post=32804"}],"curies":[{"name":"wp","href":"https:\/\/api.w.org\/{rel}","templated":true}]}}