{"id":46345,"date":"2022-11-09T16:53:26","date_gmt":"2022-11-09T11:23:26","guid":{"rendered":"http:\/\/lowcostwebagency.com\/carta-intestata\/"},"modified":"2022-11-09T16:53:26","modified_gmt":"2022-11-09T11:23:26","slug":"carta-intestata","status":"publish","type":"product","link":"https:\/\/www.lowcostwebagency.com\/it\/carta-intestata\/","title":{"rendered":"Carta intestata"},"content":{"rendered":"<h2 style=\"text-align: justify;\">Ottenete il vostro file di carta intestata pronto per la stampa in un solo click con Low Cost Web Agency<\/h2>\n<h3 style=\"text-align: justify;\">Distinguetevi e suscitate l&#8217;interesse dei vostri interlocutori con una carta intestata professionale!<\/h3>\n<p style=\"text-align: justify;\">La carta intestata \u00e8 uno dei primi elementi che creano un&#8217;<strong>immagine professionale<\/strong> della vostra azienda e del vostro marchio. Il destinatario percepisce l&#8217;importanza che gli state dando quando gliela comunicate. Inoltre, aiuta il vostro interlocutore a identificare chiaramente la vostra azienda, evitando ogni confusione e migliorando la qualit\u00e0 della relazione.<\/p>\n<p style=\"text-align: justify;\">Con questo Gig, potete controllare ci\u00f2 che volete mostrare sulla vostra <strong>carta intestata<\/strong>.<\/p>\n<p style=\"text-align: justify;\">Inoltre, il formato pi\u00f9 diffuso della carta intestata \u00e8 8,5&#8243; x 11(A4)&#8221;, ma \u00e8 possibile optare per un formato diverso. Altrimenti, se il formato che state cercando non \u00e8 menzionato nelle nostre opzioni Gig, potete richiedere un preventivo personalizzato visitando il nostro Gig di stampa personalizzata.<\/p>\n<p style=\"text-align: justify;\">Low Cost Web Agency fornisce soluzioni convenienti e design di alto livello per le vostre cartolerie aziendali in tutto il mondo.<\/p>\n<p style=\"text-align: justify;\">Che altro, non c&#8217;\u00e8 bisogno di aspettare&#8230; acquistate ora!<\/p>\n<p>&nbsp;<\/p>\n","protected":false},"excerpt":{"rendered":"<p style=\"text-align: justify;\">Creiamo la vostra carta intestata in base alle vostre aspettative e all&#8217;identit\u00e0 che desiderate per la vostra azienda.<\/p>\n<p style=\"text-align: justify;\">La nuova carta intestata pu\u00f2 essere stampata dalla tipografia locale o direttamente da quella dell&#8217;ufficio.<\/p>\n","protected":false},"featured_media":45156,"template":"","meta":{"_links_to":"","_links_to_target":""},"product_brand":[],"product_cat":[1888,1890,1845],"product_tag":[1902,1909,1920],"class_list":{"0":"post-46345","1":"product","2":"type-product","3":"status-publish","4":"has-post-thumbnail","6":"product_cat-cancelleria-aziendale","7":"product_cat-carta-intestata","8":"product_cat-stampa","9":"product_tag-carta-intestata","10":"product_tag-cartoleria-aziendale","11":"product_tag-stampa-personalizzata-gig","13":"first","14":"instock","15":"shipping-taxable","16":"purchasable","17":"product-type-simple"},"composite_virtual":false,"composite_layout":"","composite_add_to_cart_form_location":"","composite_editable_in_cart":false,"composite_sold_individually_context":"","composite_shop_price_calc":"","composite_components":[],"composite_scenarios":[],"_links":{"self":[{"href":"https:\/\/www.lowcostwebagency.com\/it\/wp-json\/wp\/v2\/product\/46345","targetHints":{"allow":["GET"]}}],"collection":[{"href":"https:\/\/www.lowcostwebagency.com\/it\/wp-json\/wp\/v2\/product"}],"about":[{"href":"https:\/\/www.lowcostwebagency.com\/it\/wp-json\/wp\/v2\/types\/product"}],"wp:featuredmedia":[{"embeddable":true,"href":"https:\/\/www.lowcostwebagency.com\/it\/wp-json\/wp\/v2\/media\/45156"}],"wp:attachment":[{"href":"https:\/\/www.lowcostwebagency.com\/it\/wp-json\/wp\/v2\/media?parent=46345"}],"wp:term":[{"taxonomy":"product_brand","embeddable":true,"href":"https:\/\/www.lowcostwebagency.com\/it\/wp-json\/wp\/v2\/product_brand?post=46345"},{"taxonomy":"product_cat","embeddable":true,"href":"https:\/\/www.lowcostwebagency.com\/it\/wp-json\/wp\/v2\/product_cat?post=46345"},{"taxonomy":"product_tag","embeddable":true,"href":"https:\/\/www.lowcostwebagency.com\/it\/wp-json\/wp\/v2\/product_tag?post=46345"}],"curies":[{"name":"wp","href":"https:\/\/api.w.org\/{rel}","templated":true}]}}