{"id":46348,"date":"2022-11-09T16:53:26","date_gmt":"2022-11-09T11:23:26","guid":{"rendered":"http:\/\/lowcostwebagency.com\/campagna-linkedin\/"},"modified":"2022-11-09T16:53:26","modified_gmt":"2022-11-09T11:23:26","slug":"campagna-linkedin","status":"publish","type":"product","link":"https:\/\/www.lowcostwebagency.com\/it\/campagna-linkedin\/","title":{"rendered":"Campagna LinkedIn"},"content":{"rendered":"<h2 style=\"text-align: justify;\">La vostra campagna LinkedIn alimentata da una Web Agency a basso costo<\/h2>\n<h3 style=\"text-align: justify;\">Fate crescere la vostra rete professionale e convertite i vostri contatti in clienti!<\/h3>\n<p style=\"text-align: justify;\">Se volete rivolgervi a un <strong>pubblico<\/strong> strettamente <strong>professionale<\/strong>, LinkedIn Ads \u00e8 sicuramente una piattaforma da adottare rapidamente, se non l&#8217;avete gi\u00e0 fatto. La piattaforma pubblicitaria di LinkedIn vi permette di raggiungere gruppi altamente mirati di professionisti con il vostro messaggio di acquisizione clienti. Al giorno d&#8217;oggi, un&#8217;azienda che non \u00e8 presente nella rete di LinkedIn pu\u00f2 sembrare un&#8217;azienda che non esiste nemmeno! Dovreste almeno avere la vostra pagina aziendale perch\u00e9 la vostra attivit\u00e0 sia riconosciuta sul mercato.<\/p>\n<h3 style=\"text-align: justify;\">Siate professionali e mostrate la vostra seriet\u00e0 aziendale lavorando con un esperto di Low Cost Web Agency per gestire le vostre campagne LinkedIn.<\/h3>\n<p style=\"text-align: justify;\">LinkedIn \u00e8 molto efficace per far entrare nuove <strong>persone qualificate<\/strong> nella vostra rete e informarle sulla vostra attivit\u00e0 e sui vostri marchi. L&#8217;obiettivo \u00e8 massimizzare la notoriet\u00e0 della vostra azienda. Una campagna LinkedIn si limita a trasmettere un messaggio coerente a un pubblico potenzialmente interessato al vostro sito web.<\/p>\n<p style=\"text-align: justify;\">Se non avete gi\u00e0 in mano un&#8217;<strong>immagine<\/strong> attraente per il vostro <strong>banner<\/strong> pubblicitario, consultate il nostro prodotto <a href=\"https:\/\/www.lowcostwebagency.com\/advertisement-banner\/\" target=\"_blank\" rel=\"noopener noreferrer\">Ad banner<\/a>.<\/p>\n<p style=\"text-align: justify;\">Crediamo nella costruzione di un rapporto di fiducia con i nostri clienti e vogliamo diventare il punto di riferimento del mercato digitale a basso costo per tutti gli imprenditori.<\/p>\n<p style=\"text-align: justify;\">Che altro, siamo lo specialista che stavate aspettando, chiedete un preventivo!<\/p>\n<p style=\"text-align: justify;\">\n","protected":false},"excerpt":{"rendered":"<p style=\"text-align: justify;\">Low Cost Web Agency massimizza la possibilit\u00e0 di convertire gli investimenti <strong>della campagna LinkedIn<\/strong> in clienti paganti.<\/p>\n<p style=\"text-align: justify;\">Chiedeteci un preventivo! Siamo qui per sostenervi!<\/p>\n","protected":false},"featured_media":45042,"template":"","meta":{"_links_to":"","_links_to_target":""},"product_brand":[],"product_cat":[1882,1868,1843],"product_tag":[1916,1907,1901],"class_list":{"0":"post-46348","1":"product","2":"type-product","3":"status-publish","4":"has-post-thumbnail","6":"product_cat-campagna-linkedin","7":"product_cat-sem-it","8":"product_cat-web-marketing-it","9":"product_tag-annunci-su-linkedin","10":"product_tag-banner-pubblicitario","11":"product_tag-campagne-su-linkedin","13":"first","14":"instock","15":"shipping-taxable","16":"product-type-external"},"composite_virtual":false,"composite_layout":"","composite_add_to_cart_form_location":"","composite_editable_in_cart":false,"composite_sold_individually_context":"","composite_shop_price_calc":"","composite_components":[],"composite_scenarios":[],"_links":{"self":[{"href":"https:\/\/www.lowcostwebagency.com\/it\/wp-json\/wp\/v2\/product\/46348","targetHints":{"allow":["GET"]}}],"collection":[{"href":"https:\/\/www.lowcostwebagency.com\/it\/wp-json\/wp\/v2\/product"}],"about":[{"href":"https:\/\/www.lowcostwebagency.com\/it\/wp-json\/wp\/v2\/types\/product"}],"wp:featuredmedia":[{"embeddable":true,"href":"https:\/\/www.lowcostwebagency.com\/it\/wp-json\/wp\/v2\/media\/45042"}],"wp:attachment":[{"href":"https:\/\/www.lowcostwebagency.com\/it\/wp-json\/wp\/v2\/media?parent=46348"}],"wp:term":[{"taxonomy":"product_brand","embeddable":true,"href":"https:\/\/www.lowcostwebagency.com\/it\/wp-json\/wp\/v2\/product_brand?post=46348"},{"taxonomy":"product_cat","embeddable":true,"href":"https:\/\/www.lowcostwebagency.com\/it\/wp-json\/wp\/v2\/product_cat?post=46348"},{"taxonomy":"product_tag","embeddable":true,"href":"https:\/\/www.lowcostwebagency.com\/it\/wp-json\/wp\/v2\/product_tag?post=46348"}],"curies":[{"name":"wp","href":"https:\/\/api.w.org\/{rel}","templated":true}]}}