{"id":46351,"date":"2022-11-09T16:53:26","date_gmt":"2022-11-09T11:23:26","guid":{"rendered":"http:\/\/lowcostwebagency.com\/pagina-di-atterraggio\/"},"modified":"2022-11-09T16:53:26","modified_gmt":"2022-11-09T11:23:26","slug":"pagina-di-atterraggio","status":"publish","type":"product","link":"https:\/\/www.lowcostwebagency.com\/it\/pagina-di-atterraggio\/","title":{"rendered":"Pagina di atterraggio"},"content":{"rendered":"<h2 style=\"text-align: justify;\">Low Cost Web Agency progetta la vostra pagina di destinazione a un prezzo competitivo<\/h2>\n<p style=\"text-align: justify;\">Una landing page \u00e8 un potente strumento di marketing per raccogliere informazioni sui vostri clienti e spingerli ad acquistare i vostri prodotti. Una landing page non \u00e8 un sito web. Una landing page contiene tutte le informazioni che volete fornire ai vostri clienti in un&#8217;unica pagina. \u00c8 possibile utilizzare un modulo nella pagina di destinazione per recuperare i dettagli dei visitatori, come nome, telefono ed e-mail, e poi utilizzare questi dettagli per fare marketing diretto al tema. Potete anche utilizzare la vostra landing page per invitare i vostri clienti a cliccare su un link che mostrer\u00e0 loro una pagina specifica del vostro sito web.<\/p>\n<p style=\"text-align: justify;\">La vostra landing page pu\u00f2 essere utilizzata in molti modi. Qui di seguito trovate alcune idee su cosa potete fare con la vostra pagina di destinazione. Dopo aver inviato i propri dati, il cliente pu\u00f2 avere accesso a:<br \/>\nDownload di report o whitepaper con fatti importanti del settore, elementi di marketing o statistiche.<br \/>\nEBooks&#8221; e guida con le migliori pratiche<br \/>\nIscrizione alla newsletter<br \/>\nPodcast per persone interessate alla vostra attivit\u00e0<br \/>\nListe di controllo\/schede di valutazione o altri strumenti di lavoro utili<br \/>\nRegistrazione ai webinar per le sessioni online dal vivo<br \/>\nPresentazioni o sessioni registrate con video o diapositive<br \/>\nChiedete di essere contattati per ottenere maggiori informazioni sui vostri prodotti o servizi.<\/p>\n<p style=\"text-align: justify;\">Low Cost Web Agency pu\u00f2 consigliarvi il modo migliore per utilizzare la vostra landing in base alla vostra attivit\u00e0, al vostro pubblico e al vostro target. Basta acquistare ora una landing page e un esperto si metter\u00e0 in contatto con voi per definire la soluzione migliore. La vostra landing page professionale a un prezzo molto basso \u00e8 solo su Low Cost Web Agency.<\/p>\n","protected":false},"excerpt":{"rendered":"<p style=\"text-align: justify;\">Una landing page \u00e8 una pagina web indipendente con l&#8217;unico obiettivo di generare lead e click through. Low Cost Web Agency costruir\u00e0 e installer\u00e0 la vostra landing page per massimizzare il vostro tasso di conversione. Con una landing page di prim&#8217;ordine, raccoglierete molti dettagli sugli utenti. Tutti questi dettagli vi permetteranno di commercializzare direttamente i vostri potenziali acquirenti Low Cost Web Agency costruisce landing page efficienti a costi molto bassi.<\/p>\n","protected":false},"featured_media":45191,"template":"","meta":{"_links_to":"","_links_to_target":""},"product_brand":[],"product_cat":[1859,1852,1842],"product_tag":[1904,1917,1908],"class_list":{"0":"post-46351","1":"product","2":"type-product","3":"status-publish","4":"has-post-thumbnail","6":"product_cat-html-static-design-it","7":"product_cat-sito-web-pagina","8":"product_cat-web-design","9":"product_tag-pagina-di-atterraggio","10":"product_tag-statistiche","11":"product_tag-strumento-di-marketing","12":"product_shipping_class-sito-web-aziendale","14":"first","15":"instock","16":"shipping-taxable","17":"purchasable","18":"product-type-composite"},"composite_virtual":false,"composite_layout":"paged","composite_add_to_cart_form_location":"default","composite_editable_in_cart":false,"composite_sold_individually_context":"product","composite_shop_price_calc":"min_max","composite_components":[],"composite_scenarios":[],"_links":{"self":[{"href":"https:\/\/www.lowcostwebagency.com\/it\/wp-json\/wp\/v2\/product\/46351","targetHints":{"allow":["GET"]}}],"collection":[{"href":"https:\/\/www.lowcostwebagency.com\/it\/wp-json\/wp\/v2\/product"}],"about":[{"href":"https:\/\/www.lowcostwebagency.com\/it\/wp-json\/wp\/v2\/types\/product"}],"wp:featuredmedia":[{"embeddable":true,"href":"https:\/\/www.lowcostwebagency.com\/it\/wp-json\/wp\/v2\/media\/45191"}],"wp:attachment":[{"href":"https:\/\/www.lowcostwebagency.com\/it\/wp-json\/wp\/v2\/media?parent=46351"}],"wp:term":[{"taxonomy":"product_brand","embeddable":true,"href":"https:\/\/www.lowcostwebagency.com\/it\/wp-json\/wp\/v2\/product_brand?post=46351"},{"taxonomy":"product_cat","embeddable":true,"href":"https:\/\/www.lowcostwebagency.com\/it\/wp-json\/wp\/v2\/product_cat?post=46351"},{"taxonomy":"product_tag","embeddable":true,"href":"https:\/\/www.lowcostwebagency.com\/it\/wp-json\/wp\/v2\/product_tag?post=46351"}],"curies":[{"name":"wp","href":"https:\/\/api.w.org\/{rel}","templated":true}]}}