{"id":46358,"date":"2022-11-09T16:54:00","date_gmt":"2022-11-09T11:24:00","guid":{"rendered":"http:\/\/lowcostwebagency.com\/campagna-facebook\/"},"modified":"2022-11-09T16:54:00","modified_gmt":"2022-11-09T11:24:00","slug":"campagna-facebook","status":"publish","type":"product","link":"https:\/\/www.lowcostwebagency.com\/it\/campagna-facebook\/","title":{"rendered":"Campagna Facebook"},"content":{"rendered":"<h2 style=\"text-align: justify;\">Low Cost Web Agency vi offre la migliore esperienza di campagna Facebook che possiate avere!<\/h2>\n<h3 style=\"text-align: justify;\">Aumentare il numero di follower mirati al vostro sito web<\/h3>\n<p style=\"text-align: justify;\">Se vi state chiedendo di condividere su Facebook la vostra attivit\u00e0, il vostro prodotto, il vostro evento o qualsiasi altro argomento commerciale, siete nel posto giusto! Facebook \u00e8 il <strong>social network<\/strong> pi\u00f9 utilizzato al mondo, che aiuta molte aziende a diffondere i propri messaggi. La maggior parte di loro lo usa solo per aggiungere nuovi post alla propria pagina Facebook. Potrebbe non essere sufficiente! I professionisti del <strong>web marketing<\/strong> creano Facebook Ads e li condividono oltre la vostra pagina Facebook. Questa \u00e8 la chiave per <strong>far crescere il vostro pubblico<\/strong>, altrimenti i vostri aggiornamenti saranno condivisi solo dalle stesse persone che sono gi\u00e0 sulla vostra pagina Facebook.<\/p>\n<h3 style=\"text-align: justify;\">I lead giusti al momento giusto con la vostra campagna Facebook<\/h3>\n<p style=\"text-align: justify;\">Una campagna su Facebook \u00e8 molto utile per ottenere nuovi follower e trasformarli in nuovi clienti! Il vostro pubblico \u00e8 altamente mirato grazie a criteri specifici definiti tra quasi 700 criteri diversi combinati insieme. Questo \u00e8 il modo corretto per ottimizzare la probabilit\u00e0 di convertire il pubblico in clienti paganti. La gestione della campagna avviene direttamente attraverso la piattaforma Facebook Business.<\/p>\n<p style=\"text-align: justify;\">Abbiamo una lunga esperienza nel potenziamento delle aziende online con campagne sui social network. Il nostro team \u00e8 composto da esperti di <strong>social network<\/strong> altamente qualificati!<\/p>\n<p style=\"text-align: justify;\">Se non disponete gi\u00e0 di un set di immagini per supportare le vostre Facebook Ads, date un&#8217;occhiata al nostro <a href=\"https:\/\/www.lowcostwebagency.com\/advertisement-banner\/\" target=\"_blank\" rel=\"noopener noreferrer\">banner<\/a> Product <a href=\"https:\/\/www.lowcostwebagency.com\/advertisement-banner\/\" target=\"_blank\" rel=\"noopener noreferrer\">Ads<\/a>.<\/p>\n<p style=\"text-align: justify;\">E poi, chiedete un preventivo!<\/p>\n","protected":false},"excerpt":{"rendered":"<p style=\"text-align: justify;\">Low Cost Web Agency massimizza la possibilit\u00e0 di convertire gli investimenti della <strong>campagna Facebook<\/strong> in clienti paganti.<\/p>\n<p style=\"text-align: justify;\">Chiedeteci un preventivo! Siamo qui per sostenervi!<\/p>\n","protected":false},"featured_media":45037,"template":"","meta":{"_links_to":"","_links_to_target":""},"product_brand":[],"product_cat":[1881,1868,1843],"product_tag":[1949,1945,1957],"class_list":{"0":"post-46358","1":"product","2":"type-product","3":"status-publish","4":"has-post-thumbnail","6":"product_cat-campagna-facebook","7":"product_cat-sem-it","8":"product_cat-web-marketing-it","9":"product_tag-banner-pubblicitario-it","10":"product_tag-campagna-facebook","11":"product_tag-web-marketing-it","13":"first","14":"instock","15":"shipping-taxable","16":"product-type-external"},"composite_virtual":false,"composite_layout":"","composite_add_to_cart_form_location":"","composite_editable_in_cart":false,"composite_sold_individually_context":"","composite_shop_price_calc":"","composite_components":[],"composite_scenarios":[],"_links":{"self":[{"href":"https:\/\/www.lowcostwebagency.com\/it\/wp-json\/wp\/v2\/product\/46358","targetHints":{"allow":["GET"]}}],"collection":[{"href":"https:\/\/www.lowcostwebagency.com\/it\/wp-json\/wp\/v2\/product"}],"about":[{"href":"https:\/\/www.lowcostwebagency.com\/it\/wp-json\/wp\/v2\/types\/product"}],"wp:featuredmedia":[{"embeddable":true,"href":"https:\/\/www.lowcostwebagency.com\/it\/wp-json\/wp\/v2\/media\/45037"}],"wp:attachment":[{"href":"https:\/\/www.lowcostwebagency.com\/it\/wp-json\/wp\/v2\/media?parent=46358"}],"wp:term":[{"taxonomy":"product_brand","embeddable":true,"href":"https:\/\/www.lowcostwebagency.com\/it\/wp-json\/wp\/v2\/product_brand?post=46358"},{"taxonomy":"product_cat","embeddable":true,"href":"https:\/\/www.lowcostwebagency.com\/it\/wp-json\/wp\/v2\/product_cat?post=46358"},{"taxonomy":"product_tag","embeddable":true,"href":"https:\/\/www.lowcostwebagency.com\/it\/wp-json\/wp\/v2\/product_tag?post=46358"}],"curies":[{"name":"wp","href":"https:\/\/api.w.org\/{rel}","templated":true}]}}