{"id":46359,"date":"2022-11-09T16:54:00","date_gmt":"2022-11-09T11:24:00","guid":{"rendered":"http:\/\/lowcostwebagency.com\/biglietti-da-visita\/"},"modified":"2022-11-09T16:54:00","modified_gmt":"2022-11-09T11:24:00","slug":"biglietti-da-visita","status":"publish","type":"product","link":"https:\/\/www.lowcostwebagency.com\/it\/biglietti-da-visita\/","title":{"rendered":"Biglietti da visita"},"content":{"rendered":"<h2 style=\"text-align: justify;\">I vostri biglietti da visita realizzati da <a href=\"https:\/\/www.lowcostwebagency.com\/faqs\/low-cost-web-agency-smart-choice\/\" target=\"_blank\" rel=\"noopener\">Low Cost Web Agency sono la scelta migliore<\/a> che dovete fare oggi!<\/h2>\n<h3 style=\"text-align: justify;\">Low Cost Web Agency crea un file pronto per la stampa per i vostri nuovi <a href=\"https:\/\/www.lowcostwebagency.com\/business-cards\/\" target=\"_blank\" rel=\"noopener\">biglietti da visita<\/a> a un prezzo molto basso&#8230;<\/h3>\n<p style=\"text-align: justify;\">Il nostro esperto designer crea un <strong>design accattivante<\/strong> per generare il valore aggiunto atteso di questo indispensabile strumento aziendale. I biglietti da visita presentano la vostra azienda e forniscono un&#8217;immagine aziendale ai vostri nuovi contatti, fornendo al contempo tutte le informazioni necessarie per essere contattati facilmente. Quando incontrate un contatto d&#8217;affari, la prima cosa che fate \u00e8 scambiarvi i vostri biglietti da visita&#8230; La qualit\u00e0 del vostro biglietto da visita \u00e8 molto importante in quel momento per mostrare al vostro partner commerciale il vostro livello di affidabilit\u00e0!<\/p>\n<p style=\"text-align: justify;\">I potenziali clienti ricevono la prima impressione dal vostro biglietto da visita&#8230; Un biglietto da visita di qualit\u00e0 dar\u00e0 un&#8217;impressione distinta, positiva e duratura di voi e della vostra azienda!<\/p>\n<h3 style=\"text-align: justify;\">Rimanete in contatto con le persone e sviluppate la vostra rete con un biglietto da visita a basso costo.<\/h3>\n<p style=\"text-align: justify;\">Con questo servizio, Low Cost Web Agency progetta i vostri biglietti da visita e ve li consegna in formato PDF pronti per la stampa. Grazie a questo file vi garantiamo la migliore qualit\u00e0 di stampa. \u00c8 sufficiente trasferire il file di stampa pronto alla stampante preferita. Se non disponete di una stampante adatta, vi consigliamo di utilizzare Vistaprint come fornitore. Vistaprint \u00e8 disponibile nella maggior parte dei paesi e consegna rapidamente il vostro biglietto da visita stampato direttamente al vostro indirizzo!<\/p>\n<p style=\"text-align: justify;\">Un biglietto da visita tradizionale \u00e8 un rettangolo di 3,5&#8243; x 2&#8243;, ma se volete chiederci un preventivo per ottenere un altro formato specifico, consultate il nostro Gig <a href=\"https:\/\/www.lowcostwebagency.com\/custom-print\/\">Custom printing<\/a>. Altrimenti, basta che ci comunichiate come preferite il vostro biglietto da visita, e noi faremo tutto il <strong>lavoro creativo<\/strong> per voi. Il risultato di questo lavoro \u00e8 il file di stampa <strong>pronto per la stampa<\/strong>. \u00c8 possibile decidere di ottenere la carta in formato verticale o orizzontale.<\/p>\n<p style=\"text-align: justify;\">Potete scegliere di ricevere anche i file sorgente dei vostri nuovi biglietti da visita. In questo modo, se in futuro vorrete modificare uno qualsiasi dei dati presenti nei vostri biglietti da visita, ad esempio il telefono o l&#8217;indirizzo, potrete farlo senza alcun costo utilizzando Photoshop.<\/p>\n<h3 style=\"text-align: justify;\">I vostri biglietti da visita professionali fronte\/retro con Low Cost Web Agency<\/h3>\n<p style=\"text-align: justify;\">Il vostro biglietto da visita pu\u00f2 essere realizzato come desiderate, su due lati (la soluzione pi\u00f9 utilizzata e preferita) o solo su un lato. Si noti che il prezzo per un biglietto da visita double face o single face \u00e8 lo stesso. Non \u00e8 previsto alcuno sconto per i biglietti da visita su un solo lato.<\/p>\n<p style=\"text-align: justify;\">Se avete bisogno di un biglietto da visita per la vostra azienda, questo deve mostrare il vostro logo&#8230;<\/p>\n<p style=\"text-align: justify;\">Se non avete ancora il vostro logo aziendale, consultate i nostri <a href=\"https:\/\/www.lowcostwebagency.com\/logo-design\/\" target=\"_blank\" rel=\"noopener noreferrer\">servizi di Logo Design<\/a>!<\/p>\n<p style=\"text-align: justify;\">Non aspettate e ordinate subito il design del vostro biglietto da visita. Low Cost Web Agency \u00e8 la scelta intelligente per il design di biglietti da visita!<\/p>\n<p>&nbsp;<\/p>\n","protected":false},"excerpt":{"rendered":"<p style=\"text-align: justify;\">Low Cost Web Agency crea la vostra immagine aziendale al miglior prezzo&#8230; Sarete felici di condividere il vostro nuovo biglietto da visita con i vostri contatti! Una volta ottenuto il nuovo design del biglietto da visita, \u00e8 sufficiente contattare la propria tipografia preferita e fornire il file del biglietto da visita professionale per ottenere la stampa del proprio sorprendente biglietto da visita!<\/p>\n<p style=\"text-align: justify;\">Comprate ora!<\/p>\n","protected":false},"featured_media":45150,"template":"","meta":{"_links_to":"","_links_to_target":""},"product_brand":[],"product_cat":[1886,1845],"product_tag":[1956,1951,1946,1961,1963],"class_list":{"0":"post-46359","1":"product","2":"type-product","3":"status-publish","4":"has-post-thumbnail","6":"product_cat-biglietti-da-visita","7":"product_cat-stampa","8":"product_tag-biglietti-da-visita","9":"product_tag-design-accattivante","10":"product_tag-design-del-logo","11":"product_tag-lavoro-creativo","12":"product_tag-stampa-personalizzata","14":"first","15":"instock","16":"shipping-taxable","17":"purchasable","18":"product-type-simple"},"composite_virtual":false,"composite_layout":"","composite_add_to_cart_form_location":"","composite_editable_in_cart":false,"composite_sold_individually_context":"","composite_shop_price_calc":"","composite_components":[],"composite_scenarios":[],"_links":{"self":[{"href":"https:\/\/www.lowcostwebagency.com\/it\/wp-json\/wp\/v2\/product\/46359","targetHints":{"allow":["GET"]}}],"collection":[{"href":"https:\/\/www.lowcostwebagency.com\/it\/wp-json\/wp\/v2\/product"}],"about":[{"href":"https:\/\/www.lowcostwebagency.com\/it\/wp-json\/wp\/v2\/types\/product"}],"wp:featuredmedia":[{"embeddable":true,"href":"https:\/\/www.lowcostwebagency.com\/it\/wp-json\/wp\/v2\/media\/45150"}],"wp:attachment":[{"href":"https:\/\/www.lowcostwebagency.com\/it\/wp-json\/wp\/v2\/media?parent=46359"}],"wp:term":[{"taxonomy":"product_brand","embeddable":true,"href":"https:\/\/www.lowcostwebagency.com\/it\/wp-json\/wp\/v2\/product_brand?post=46359"},{"taxonomy":"product_cat","embeddable":true,"href":"https:\/\/www.lowcostwebagency.com\/it\/wp-json\/wp\/v2\/product_cat?post=46359"},{"taxonomy":"product_tag","embeddable":true,"href":"https:\/\/www.lowcostwebagency.com\/it\/wp-json\/wp\/v2\/product_tag?post=46359"}],"curies":[{"name":"wp","href":"https:\/\/api.w.org\/{rel}","templated":true}]}}