{"id":46375,"date":"2022-11-09T16:54:33","date_gmt":"2022-11-09T11:24:33","guid":{"rendered":"http:\/\/lowcostwebagency.com\/logo-design\/"},"modified":"2022-11-09T16:54:33","modified_gmt":"2022-11-09T11:24:33","slug":"logo-design","status":"publish","type":"product","link":"https:\/\/www.lowcostwebagency.com\/it\/logo-design\/","title":{"rendered":"Logo Design"},"content":{"rendered":"<h2 style=\"text-align: justify;\">Il vostro nuovo logo realizzato da un designer professionista per pochi soldi<\/h2>\n<h3 style=\"text-align: justify;\">Il vostro logo \u00e8 fondamentale per il valore della vostra azienda e per la vostra immagine sul web.<\/h3>\n<p style=\"text-align: justify;\">Il logo \u00e8 il <strong>design<\/strong> della vostra <strong>identit\u00e0 di marca<\/strong>. La sua definizione \u00e8 importante per garantire il successo della vostra attivit\u00e0, perch\u00e9 sar\u00e0 visibile su tutti i documenti ufficiali, gli eventi, il sito web, i social network. Inoltre, aiuta i clienti a identificare la vostra azienda. Utilizzate il vostro logo per tutte le vostre comunicazioni aziendali e commerciali. Per <strong>migliorare l&#8217;identit\u00e0 del vostro marchio attraverso il logo<\/strong>, dovrete definire alcuni parametri strategici come il design, i colori e la tagline. L&#8217;identit\u00e0 del marchio deve essere unica per evitare di creare confusione nella mente dei clienti. Per la maggior parte delle persone, un logo \u00e8 un modo per collegare immediatamente la loro mente con l&#8217;azienda, senza nemmeno il bisogno di leggerne il nome.<\/p>\n<p style=\"text-align: justify;\">Pensate alle aziende pi\u00f9 conosciute al mondo e ai loro loghi, e capirete facilmente l&#8217;importanza del logo per il riconoscimento del marchio. Un logo accattivante \u00e8 fondamentale per avere successo al giorno d&#8217;oggi sui mercati competitivi. Noi di Low Cost Web Agency non vi chiediamo di spendere molto per ottenere un logo professionale. Con pochi soldi otterrete un logo unico e originale che riflette i valori e l&#8217;identit\u00e0 del vostro marchio e della vostra azienda!<\/p>\n<h3 style=\"text-align: justify;\">Web Agency a basso costo&#8230; la chiave del successo!<\/h3>\n<p style=\"text-align: justify;\">Low Cost Web Agency mette a disposizione tutta la sua <strong>esperienza<\/strong> per creare la vostra <strong>immagine aziendale<\/strong> senza perdere alcun parametro. Un parere esterno \u00e8 sempre un buon modo per mantenere la mente rilassata in vista di importanti scelte comunicative e strategiche. Scegliendo noi, il vostro logo sar\u00e0 progettato da un <strong>designer di logo senior con una lunga esperienza nel design di logo e identit\u00e0 di marca<\/strong>.<\/p>\n<p style=\"text-align: justify;\">Vi garantiamo un risultato professionale nel rispetto delle vostre possibilit\u00e0 di budget. Vi offriamo diverse opzioni di servizio che potete decidere di ordinare o meno. In questo modo, \u00e8 possibile ottenere un <strong>Logo Design professionale a un prezzo molto basso<\/strong>.<\/p>\n<p style=\"text-align: justify;\">Se volete avere successo con la vostra strategia di marketing, dovete disporre di strumenti di presentazione dall&#8217;aspetto professionale. Quindi, oltre al logo, dovete assicurarvi che i vostri biglietti da visita, le cartelle, i <a href=\"https:\/\/www.lowcostwebagency.com\/it\/low-cost\/web-design\/sito-web-pagina\/\" target=\"_blank\" rel=\"noopener\">siti web<\/a> e i volantini riflettano la vostra identit\u00e0.<\/p>\n<p style=\"text-align: justify;\">Avete gi\u00e0 un logo ma pensate che sia utile per la vostra attivit\u00e0 rielaborarlo e aggiornarlo? Siamo qui anche per sostenervi e consigliarvi.<\/p>\n<p>Volete sapere come distinguere un buon logo da uno scadente? Consultate il nostro articolo<a href=\"https:\/\/www.lowcostwebagency.com\/what-is-a-good-logo\/\" rel=\"\">&#8220;Che cos&#8217;\u00e8 un buon logo?<\/a>&#8221;<\/p>\n<p style=\"text-align: justify;\">Che altro, comprate subito!<\/p>\n","protected":false},"excerpt":{"rendered":"<p style=\"text-align: justify;\">\u00c8 possibile far realizzare un nuovo logo da un <strong>designer professionista<\/strong> per pochi soldi. Il vostro logo deve mostrare tutti gli elementi essenziali dell&#8217;identit\u00e0 della vostra azienda. Il design del logo deve definire la personalit\u00e0, l&#8217;atteggiamento, la visione, la missione e la professionalit\u00e0 dell&#8217;azienda. Con l&#8217;offerta di Low Cost Web Agency, siete voi a decidere se volete o meno i file sorgente del vostro logo e quante proposte volete che vi offriamo. In questo modo, potete ottenere un logo professionale a un <strong>prezzo<\/strong> molto <strong>basso<\/strong> o spendere un po&#8217; di pi\u00f9 per avere la possibilit\u00e0 di decidere tra pi\u00f9 versioni.<\/p>\n","protected":false},"featured_media":45235,"template":"","meta":{"_links_to":"","_links_to_target":""},"product_brand":[],"product_cat":[1851,1853,1842],"product_tag":[1951,2007,2003,2006],"class_list":{"0":"post-46375","1":"product","2":"type-product","3":"status-publish","4":"has-post-thumbnail","6":"product_cat-design-it","7":"product_cat-logo-design-it","8":"product_cat-web-design","9":"product_tag-design-accattivante","10":"product_tag-identita-del-marchio","11":"product_tag-logo-del-sito-web","12":"product_tag-marketing-digitale","14":"first","15":"instock","16":"shipping-taxable","17":"purchasable","18":"product-type-variable"},"composite_virtual":false,"composite_layout":"","composite_add_to_cart_form_location":"","composite_editable_in_cart":false,"composite_sold_individually_context":"","composite_shop_price_calc":"","composite_components":[],"composite_scenarios":[],"_links":{"self":[{"href":"https:\/\/www.lowcostwebagency.com\/it\/wp-json\/wp\/v2\/product\/46375","targetHints":{"allow":["GET"]}}],"collection":[{"href":"https:\/\/www.lowcostwebagency.com\/it\/wp-json\/wp\/v2\/product"}],"about":[{"href":"https:\/\/www.lowcostwebagency.com\/it\/wp-json\/wp\/v2\/types\/product"}],"wp:featuredmedia":[{"embeddable":true,"href":"https:\/\/www.lowcostwebagency.com\/it\/wp-json\/wp\/v2\/media\/45235"}],"wp:attachment":[{"href":"https:\/\/www.lowcostwebagency.com\/it\/wp-json\/wp\/v2\/media?parent=46375"}],"wp:term":[{"taxonomy":"product_brand","embeddable":true,"href":"https:\/\/www.lowcostwebagency.com\/it\/wp-json\/wp\/v2\/product_brand?post=46375"},{"taxonomy":"product_cat","embeddable":true,"href":"https:\/\/www.lowcostwebagency.com\/it\/wp-json\/wp\/v2\/product_cat?post=46375"},{"taxonomy":"product_tag","embeddable":true,"href":"https:\/\/www.lowcostwebagency.com\/it\/wp-json\/wp\/v2\/product_tag?post=46375"}],"curies":[{"name":"wp","href":"https:\/\/api.w.org\/{rel}","templated":true}]}}