{"id":46376,"date":"2022-11-09T16:54:44","date_gmt":"2022-11-09T11:24:44","guid":{"rendered":"http:\/\/lowcostwebagency.com\/conversione-del-formato-video\/"},"modified":"2022-11-09T16:54:44","modified_gmt":"2022-11-09T11:24:44","slug":"conversione-del-formato-video","status":"publish","type":"product","link":"https:\/\/www.lowcostwebagency.com\/it\/conversione-del-formato-video\/","title":{"rendered":"Conversione del formato video"},"content":{"rendered":"<h2>Low Cost Web Agency trasforma il vostro video nel formato che vi serve<\/h2>\n<h3 style=\"text-align: justify;\">Migliorate le prestazioni del vostro sito web caricando i vostri video in MPEG<\/h3>\n<p style=\"text-align: justify;\">Se il vostro video originale viene pubblicato il pi\u00f9 delle volte con un formato pesante che non \u00e8 ben supportato dal vostro sito web, oppure non pu\u00f2 essere pubblicato sui social media&#8230; Low Cost Web Agency \u00e8 la soluzione, in quanto vi offre la possibilit\u00e0 di rielaborare il formato del vostro video e quindi di diffonderlo facilmente!<\/p>\n<h3 style=\"text-align: justify;\">Tutto ci\u00f2 di cui avete bisogno \u00e8 una Web Agency Low Cost&#8230; non aspettate oltre!<\/h3>\n<p style=\"text-align: justify;\">Siamo sempre qui per sostenervi. Il nostro designer esperto ridurr\u00e0 il pi\u00f9 possibile il peso del video.<\/p>\n<p style=\"text-align: justify;\">Non perdete tempo, acquistate subito!<\/p>\n","protected":false},"excerpt":{"rendered":"<p>Alleggerite il vostro video per offrire la <strong>migliore esperienza d&#8217;uso<\/strong> al vostro pubblico.<\/p>\n<p>Acquistate il servizio di conversione del formato video e condividete il vostro nuovo video sul vostro sito web!<\/p>\n","protected":false},"featured_media":45210,"template":"","meta":{"_links_to":"","_links_to_target":""},"product_brand":[],"product_cat":[1851,1857,1842],"product_tag":[2008,2010,2012],"class_list":{"0":"post-46376","1":"product","2":"type-product","3":"status-publish","4":"has-post-thumbnail","6":"product_cat-design-it","7":"product_cat-edizione-video","8":"product_cat-web-design","9":"product_tag-conversione-del-formato-video","10":"product_tag-progettista-esperto","11":"product_tag-trasformazioni","13":"first","14":"instock","15":"shipping-taxable","16":"product-type-external"},"composite_virtual":false,"composite_layout":"","composite_add_to_cart_form_location":"","composite_editable_in_cart":false,"composite_sold_individually_context":"","composite_shop_price_calc":"","composite_components":[],"composite_scenarios":[],"_links":{"self":[{"href":"https:\/\/www.lowcostwebagency.com\/it\/wp-json\/wp\/v2\/product\/46376","targetHints":{"allow":["GET"]}}],"collection":[{"href":"https:\/\/www.lowcostwebagency.com\/it\/wp-json\/wp\/v2\/product"}],"about":[{"href":"https:\/\/www.lowcostwebagency.com\/it\/wp-json\/wp\/v2\/types\/product"}],"wp:featuredmedia":[{"embeddable":true,"href":"https:\/\/www.lowcostwebagency.com\/it\/wp-json\/wp\/v2\/media\/45210"}],"wp:attachment":[{"href":"https:\/\/www.lowcostwebagency.com\/it\/wp-json\/wp\/v2\/media?parent=46376"}],"wp:term":[{"taxonomy":"product_brand","embeddable":true,"href":"https:\/\/www.lowcostwebagency.com\/it\/wp-json\/wp\/v2\/product_brand?post=46376"},{"taxonomy":"product_cat","embeddable":true,"href":"https:\/\/www.lowcostwebagency.com\/it\/wp-json\/wp\/v2\/product_cat?post=46376"},{"taxonomy":"product_tag","embeddable":true,"href":"https:\/\/www.lowcostwebagency.com\/it\/wp-json\/wp\/v2\/product_tag?post=46376"}],"curies":[{"name":"wp","href":"https:\/\/api.w.org\/{rel}","templated":true}]}}