{"id":46378,"date":"2022-11-09T16:54:44","date_gmt":"2022-11-09T11:24:44","guid":{"rendered":"http:\/\/lowcostwebagency.com\/sito-web-del-negozio\/"},"modified":"2025-04-27T06:25:48","modified_gmt":"2025-04-27T00:55:48","slug":"negozio-online","status":"publish","type":"product","link":"https:\/\/www.lowcostwebagency.com\/it\/negozio-online\/","title":{"rendered":"Negozio Online"},"content":{"rendered":"<h2 style=\"text-align: justify;\"><strong>Vendere i propri servizi o prodotti online porter\u00e0 molti benefici<\/strong><\/h2>\n<p style=\"text-align: justify;\">Il vostro negozio online \u00e8 aperto 7\/7, 24\/24. Pertanto, anche quando dormite o siete in vacanza, il vostro negozio online funziona e vende per voi! Di conseguenza, potreste iniziare bene la giornata accedendo alla dashboard del vostro sito e vedendo che durante la notte avete ottenuto, ad esempio, 10 nuovi clienti. Un altro buon motivo per vendere online \u00e8 che i vostri prodotti possono essere acquistati ovunque, in tutti i Paesi che desiderate. Potreste voler limitare le consegne al vostro Paese, oppure scegliere di vendere in tutto il mondo con un sito web multilingue.<\/p>\n<p style=\"text-align: justify;\">Non \u00e8 necessario aprire centinaia di negozi tradizionali per coprire un paese con i vostri prodotti. Ci\u00f2 si traduce in un risparmio costante sulla struttura dei costi. Non \u00e8 necessario assumere costosi venditori. Potete gestire il vostro stock fisicamente dove volete, oppure decidere per una strategia di drop-shipping senza alcuno stock. Potete gestire facilmente le vostre vendite e offerte attraverso i codici coupon. Non solo, ma potete fare marketing ai vostri clienti online, inviando loro e-mail quando lanciate un nuovo prodotto, ad esempio.<\/p>\n<p style=\"text-align: justify;\">Questi sono solo alcuni dei numerosi vantaggi che si possono ottenere vendendo online i propri prodotti e servizi e affidandosi a un sito web di negozio online. Soprattutto, potete acquistare subito online il vostro sito Ecommerce con Low Cost Web Agency. Non \u00e8 una brutta sorpresa per il prezzo&#8230; Senza abbonamento! Tutte le funzionalit\u00e0, come ad esempio la creazione e l&#8217;invio automatico delle fatture, sono incluse nel nostro prezzo.<\/p>\n<p style=\"text-align: justify;\">Acquistare il vostro negozio online con Low Cost Web Agency vi garantisce di avere una fantastica e completa boutique online in pochissimo tempo. Quindi, \u00e8 il momento di incrementare le vostre vendite, \u00e8 il momento di aumentare le vostre quote di mercato con la nostra offerta! Leggete di seguito tutte le specifiche tecniche del vostro sito web Ecommerce e scegliete le caratteristiche che desiderate in base alle vostre esigenze e al vostro budget. Se avete domande, non dubitate a <a href=\"https:\/\/www.lowcostwebagency.com\/contact-us\/\">contattarci<\/a>.<\/p>\n\n<table id=\"tablepress-5\" class=\"tablepress tablepress-id-5\">\n<thead>\n<tr class=\"row-1\">\n\t<th class=\"column-1\">SPECIFICATIONS<\/th><th class=\"column-2\"><a href=\"\/product\/blog\/\" target=\"_blank\" rel=\"noopener\">BLOG<\/a> \/ PERSONAL \/ SELF EMPLOYED<\/th><th class=\"column-3\"><a href=\"\/product\/small-business-website\/\" target=\"_blank\" rel=\"noopener\">SMALL BUSINESS<\/a><\/th><th class=\"column-4\"><a href=\"\/product\/corporate-website\/\" target=\"_blank\" rel=\"noopener\">CORPORATE BUSINESS<\/a> \/ <a href=\"\/product\/real-estate-website-ecommerce-website\/\" target=\"_blank\" rel=\"noopener\">REAL ESTATE<\/a><\/th><th class=\"column-5\"><a href=\"\/product\/portal-website\/\" target=\"_blank\" rel=\"noopener\">PORTAL<\/a><\/th><th class=\"column-6\">ALL ECOMMERCE<br \/>\n(<a href=\"\/product\/shop-website\/\" target=\"_blank\" rel=\"noopener\">SHOP<\/a> \/ <a href=\"\/product\/hotel-website\/\" target=\"_blank\" rel=\"noopener\">HOTEL<\/a> \/ <a href=\"\/product\/event-website\/\" target=\"_blank\" rel=\"noopener\">EVENT<\/a>\/ <a href=\"\/product\/real-estate-website-ecommerce-website\/\" target=\"_blank\" rel=\"noopener\">REAL ESTATE<\/a>)<\/th>\n<\/tr>\n<\/thead>\n<tbody class=\"row-striping row-hover\">\n<tr class=\"row-2\">\n\t<td class=\"column-1\">Domain Name<\/td><td class=\"column-2\">Option<\/td><td class=\"column-3\">Option<\/td><td class=\"column-4\">Option<\/td><td class=\"column-5\">Option<\/td><td class=\"column-6\">Option<\/td>\n<\/tr>\n<tr class=\"row-3\">\n\t<td class=\"column-1\">Hosting<\/td><td class=\"column-2\">Option<\/td><td class=\"column-3\">Option<\/td><td class=\"column-4\">Option<\/td><td class=\"column-5\">Option<\/td><td class=\"column-6\">Option<\/td>\n<\/tr>\n<tr class=\"row-4\">\n\t<td class=\"column-1\">N\u00f8 of pages<\/td><td class=\"column-2\">Unlimited<\/td><td class=\"column-3\">Unlimited<\/td><td class=\"column-4\">Unlimited<\/td><td class=\"column-5\">Unlimited<\/td><td class=\"column-6\">Unlimited<\/td>\n<\/tr>\n<tr class=\"row-5\">\n\t<td class=\"column-1\">N\u00f8 of Products \/ Listings<\/td><td class=\"column-2\"><\/td><td class=\"column-3\"><\/td><td class=\"column-4\"><\/td><td class=\"column-5\"><\/td><td class=\"column-6\">Unlimited<\/td>\n<\/tr>\n<tr class=\"row-6\">\n\t<td class=\"column-1\">Content\/Order Management System (CMS) \/ Back office - Back end Administration Interface \/ No Technicals Skills required to Update your Website<\/td><td class=\"column-2\">Wordpress\/Joomla<\/td><td class=\"column-3\">Wordpress\/Joomla<\/td><td class=\"column-4\">Wordpress\/Joomla<\/td><td class=\"column-5\">Wordpress \/ Joomla<\/td><td class=\"column-6\">Woocommerce (WP) \/ VirtueMart \/ Prestashop \/ Opencart \/ Magento<\/td>\n<\/tr>\n<tr class=\"row-7\">\n\t<td class=\"column-1\">Custom\/personalization of  Design<\/td><td class=\"column-2\">Up to 4 pages<\/td><td class=\"column-3\">Up to 7 pages<\/td><td class=\"column-4\">Up 15 pages<\/td><td class=\"column-5\">Up 15 pages<\/td><td class=\"column-6\">Up 15 pages<\/td>\n<\/tr>\n<tr class=\"row-8\">\n\t<td class=\"column-1\">Premium Theme Included<\/td><td class=\"column-2\">pick the one you like on Themeforest<\/td><td class=\"column-3\">pick the one you like on Themeforest<\/td><td class=\"column-4\">pick the one you like on Themeforest<\/td><td class=\"column-5\">pick the one you like on Themeforest<\/td><td class=\"column-6\">pick the one you like on Themeforest<\/td>\n<\/tr>\n<tr class=\"row-9\">\n\t<td class=\"column-1\">Responsive &amp; Mobile Friendly<\/td><td class=\"column-2\">\u2713<\/td><td class=\"column-3\">\u2713<\/td><td class=\"column-4\">\u2713<\/td><td class=\"column-5\">\u2713<\/td><td class=\"column-6\">\u2713<\/td>\n<\/tr>\n<tr class=\"row-10\">\n\t<td class=\"column-1\"><a href=\"\/product\/logo-design\/\" target=\"_blank\" rel=\"noopener\">Logo Design<\/a><\/td><td class=\"column-2\">Option<\/td><td class=\"column-3\">Option<\/td><td class=\"column-4\">Option<\/td><td class=\"column-5\">Option<\/td><td class=\"column-6\">Option<\/td>\n<\/tr>\n<tr class=\"row-11\">\n\t<td class=\"column-1\">Home page Design<\/td><td class=\"column-2\">\u2713<\/td><td class=\"column-3\">\u2713<\/td><td class=\"column-4\">\u2713<\/td><td class=\"column-5\">\u2713<\/td><td class=\"column-6\">\u2713<\/td>\n<\/tr>\n<tr class=\"row-12\">\n\t<td class=\"column-1\">Header Design<\/td><td class=\"column-2\">\u2713<\/td><td class=\"column-3\">\u2713<\/td><td class=\"column-4\">\u2713<\/td><td class=\"column-5\">\u2713<\/td><td class=\"column-6\">\u2713<\/td>\n<\/tr>\n<tr class=\"row-13\">\n\t<td class=\"column-1\">Slide Show Design<\/td><td class=\"column-2\">Up to 3 slides<\/td><td class=\"column-3\">Up to 5 slides<\/td><td class=\"column-4\">Up to 7 slides<\/td><td class=\"column-5\">Up to 7 slides<\/td><td class=\"column-6\">Up to 7 slides<\/td>\n<\/tr>\n<tr class=\"row-14\">\n\t<td class=\"column-1\">Custom Design\/Templates upon your brief<\/td><td class=\"column-2\">Ask for a quote<\/td><td class=\"column-3\">Ask for a quote<\/td><td class=\"column-4\">Ask for a quote<\/td><td class=\"column-5\">Ask for a quote<\/td><td class=\"column-6\">Ask for a quote<\/td>\n<\/tr>\n<tr class=\"row-15\">\n\t<td class=\"column-1\">Your Text content loaded Into the site (included Menu Text)<\/td><td class=\"column-2\">5000 words<\/td><td class=\"column-3\">8000 Words<\/td><td class=\"column-4\">15000 Words<\/td><td class=\"column-5\">15000 Words<\/td><td class=\"column-6\">15000 Words<\/td>\n<\/tr>\n<tr class=\"row-16\">\n\t<td class=\"column-1\">Your Images loaded Into the site (don't include Slideshow)<\/td><td class=\"column-2\">up to 6<\/td><td class=\"column-3\">up to 8<\/td><td class=\"column-4\">Up to 20<\/td><td class=\"column-5\">Up to 20<\/td><td class=\"column-6\">Up to 20<\/td>\n<\/tr>\n<tr class=\"row-17\">\n\t<td class=\"column-1\">Your Products \/ Listings Loaded Into the site<\/td><td class=\"column-2\"><\/td><td class=\"column-3\"><\/td><td class=\"column-4\"><\/td><td class=\"column-5\"><\/td><td class=\"column-6\">Up to 15<\/td>\n<\/tr>\n<tr class=\"row-18\">\n\t<td class=\"column-1\">Enquiry\/Contact form<\/td><td class=\"column-2\">\u2713<\/td><td class=\"column-3\">\u2713<\/td><td class=\"column-4\">\u2713<\/td><td class=\"column-5\">\u2713<\/td><td class=\"column-6\">\u2713<\/td>\n<\/tr>\n<tr class=\"row-19\">\n\t<td class=\"column-1\">FAQ Page System<\/td><td class=\"column-2\">Option<\/td><td class=\"column-3\">Option<\/td><td class=\"column-4\">Option<\/td><td class=\"column-5\">Option<\/td><td class=\"column-6\">Option<\/td>\n<\/tr>\n<tr class=\"row-20\">\n\t<td class=\"column-1\">Auto Terms of Service and Privacy Policy<\/td><td class=\"column-2\">Wordpress Only<\/td><td class=\"column-3\">Wordpress Only<\/td><td class=\"column-4\">Wordpress Only<\/td><td class=\"column-5\">Wordpress Only<\/td><td class=\"column-6\">Wordpress Only<\/td>\n<\/tr>\n<tr class=\"row-21\">\n\t<td class=\"column-1\">EU Cookies Law Compliance<\/td><td class=\"column-2\">\u2713<\/td><td class=\"column-3\">\u2713<\/td><td class=\"column-4\">\u2713<\/td><td class=\"column-5\">\u2713<\/td><td class=\"column-6\">\u2713<\/td>\n<\/tr>\n<tr class=\"row-22\">\n\t<td class=\"column-1\">Google map<\/td><td class=\"column-2\">\u2713<\/td><td class=\"column-3\">\u2713<\/td><td class=\"column-4\">\u2713<\/td><td class=\"column-5\">\u2713<\/td><td class=\"column-6\">\u2713<\/td>\n<\/tr>\n<tr class=\"row-23\">\n\t<td class=\"column-1\">Web\/Pro email<\/td><td class=\"column-2\">1<\/td><td class=\"column-3\">Up to 5<\/td><td class=\"column-4\">Unlimited<\/td><td class=\"column-5\">Unlimited<\/td><td class=\"column-6\">Unlimited<\/td>\n<\/tr>\n<tr class=\"row-24\">\n\t<td class=\"column-1\">Multilingual Capability<\/td><td class=\"column-2\">\u2713<\/td><td class=\"column-3\">\u2713<\/td><td class=\"column-4\">\u2713<\/td><td class=\"column-5\">\u2713<\/td><td class=\"column-6\">\u2713<\/td>\n<\/tr>\n<tr class=\"row-25\">\n\t<td class=\"column-1\">Blog Section<\/td><td class=\"column-2\">Yes it's good for SEO<\/td><td class=\"column-3\">Yes it's good for SEO<\/td><td class=\"column-4\">Yes it's good for SEO<\/td><td class=\"column-5\">Yes it's good for SEO<\/td><td class=\"column-6\">Yes it's good for SEO<\/td>\n<\/tr>\n<tr class=\"row-26\">\n\t<td class=\"column-1\">Customer care Chat Support (Zoopim Free)<\/td><td class=\"column-2\"><\/td><td class=\"column-3\">\u2713<\/td><td class=\"column-4\">\u2713<\/td><td class=\"column-5\">\u2713<\/td><td class=\"column-6\">\u2713<\/td>\n<\/tr>\n<tr class=\"row-27\">\n\t<td class=\"column-1\">Newsletter System Integration<\/td><td class=\"column-2\">Only with Business Hosting &amp; Dedicated Server<\/td><td class=\"column-3\">Only with Business Hosting &amp; Dedicated Server<\/td><td class=\"column-4\">Only with Business Hosting &amp; Dedicated Server<\/td><td class=\"column-5\">Only with Business Hosting &amp; Dedicated Server<\/td><td class=\"column-6\">Only with Business Hosting &amp; Dedicated Server<\/td>\n<\/tr>\n<tr class=\"row-28\">\n\t<td class=\"column-1\">Social Media Sharing Features<\/td><td class=\"column-2\">Only with Business Hosting &amp; Dedicated Server<\/td><td class=\"column-3\">Only with Business Hosting &amp; Dedicated Server<\/td><td class=\"column-4\">Only with Business Hosting &amp; Dedicated Server<\/td><td class=\"column-5\">Only with Business Hosting &amp; Dedicated Server<\/td><td class=\"column-6\">Only with Business Hosting &amp; Dedicated Server<\/td>\n<\/tr>\n<tr class=\"row-29\">\n\t<td class=\"column-1\">Social Media Account Integration<\/td><td class=\"column-2\">\u2713<\/td><td class=\"column-3\">\u2713<\/td><td class=\"column-4\">\u2713<\/td><td class=\"column-5\">\u2713<\/td><td class=\"column-6\">\u2713<\/td>\n<\/tr>\n<tr class=\"row-30\">\n\t<td class=\"column-1\">Facebook, Twitter, Google+, Linkedin login<\/td><td class=\"column-2\">Only with Business Hosting &amp; Dedicated Server<\/td><td class=\"column-3\">Only with Business Hosting &amp; Dedicated Server<\/td><td class=\"column-4\">Only with Business Hosting &amp; Dedicated Server<\/td><td class=\"column-5\">Only with Business Hosting &amp; Dedicated Server<\/td><td class=\"column-6\">Only with Business Hosting &amp; Dedicated Server<\/td>\n<\/tr>\n<tr class=\"row-31\">\n\t<td class=\"column-1\">User \/ Customer Login Dashboard<\/td><td class=\"column-2\">\u2713<\/td><td class=\"column-3\">\u2713<\/td><td class=\"column-4\">\u2713<\/td><td class=\"column-5\">\u2713<\/td><td class=\"column-6\">\u2713<\/td>\n<\/tr>\n<tr class=\"row-32\">\n\t<td class=\"column-1\">Online Payment<\/td><td class=\"column-2\">\u2713<\/td><td class=\"column-3\">\u2713<\/td><td class=\"column-4\">\u2713<\/td><td class=\"column-5\">\u2713<\/td><td class=\"column-6\">\u2713<\/td>\n<\/tr>\n<tr class=\"row-33\">\n\t<td class=\"column-1\">Paypal Checkout<\/td><td class=\"column-2\">\u2713<\/td><td class=\"column-3\">\u2713<\/td><td class=\"column-4\">\u2713<\/td><td class=\"column-5\">\u2713<\/td><td class=\"column-6\">\u2713<\/td>\n<\/tr>\n<tr class=\"row-34\">\n\t<td class=\"column-1\">Other Payment Gateway<\/td><td class=\"column-2\">Ask for a quote<\/td><td class=\"column-3\">Ask for a quote<\/td><td class=\"column-4\">Ask for a quote<\/td><td class=\"column-5\">Ask for a quote<\/td><td class=\"column-6\">Ask for a quote<\/td>\n<\/tr>\n<tr class=\"row-35\">\n\t<td class=\"column-1\">Remove Low Cost Web Agency Credits<\/td><td class=\"column-2\">Option<\/td><td class=\"column-3\">Option<\/td><td class=\"column-4\">Option<\/td><td class=\"column-5\">Option<\/td><td class=\"column-6\">Option<\/td>\n<\/tr>\n<tr class=\"row-36\">\n\t<td class=\"column-1\">Server cPanel Access<\/td><td class=\"column-2\">Option<\/td><td class=\"column-3\">Option<\/td><td class=\"column-4\">Option<\/td><td class=\"column-5\">Option<\/td><td class=\"column-6\">Option<\/td>\n<\/tr>\n<tr class=\"row-37\">\n\t<td class=\"column-1\">SSL Certificate<\/td><td class=\"column-2\">Option<\/td><td class=\"column-3\">Option<\/td><td class=\"column-4\">Option<\/td><td class=\"column-5\">Option<\/td><td class=\"column-6\">Option<\/td>\n<\/tr>\n<tr class=\"row-38\">\n\t<td class=\"column-1\">Sub Domains<\/td><td class=\"column-2\">Free &amp; Unlimited with our hosting plans<\/td><td class=\"column-3\">Free &amp; Unlimited with our hosting plans<\/td><td class=\"column-4\">Free &amp; Unlimited with our hosting plans<\/td><td class=\"column-5\">Free &amp; Unlimited with our hosting plans<\/td><td class=\"column-6\">Free &amp; Unlimited with our hosting plans<\/td>\n<\/tr>\n<tr class=\"row-39\">\n\t<td class=\"column-1\">Google Webmaster tools<\/td><td class=\"column-2\">\u2713<\/td><td class=\"column-3\">\u2713<\/td><td class=\"column-4\">\u2713<\/td><td class=\"column-5\">\u2713<\/td><td class=\"column-6\">\u2713<\/td>\n<\/tr>\n<tr class=\"row-40\">\n\t<td class=\"column-1\">Google Analytics<\/td><td class=\"column-2\">\u2713<\/td><td class=\"column-3\">\u2713<\/td><td class=\"column-4\">\u2713<\/td><td class=\"column-5\">\u2713<\/td><td class=\"column-6\">\u2713<\/td>\n<\/tr>\n<tr class=\"row-41\">\n\t<td class=\"column-1\">Search Engine Submissions<\/td><td class=\"column-2\">\u2713<\/td><td class=\"column-3\">\u2713<\/td><td class=\"column-4\">\u2713<\/td><td class=\"column-5\">\u2713<\/td><td class=\"column-6\">\u2713<\/td>\n<\/tr>\n<tr class=\"row-42\">\n\t<td class=\"column-1\">General SEO Configuration<\/td><td class=\"column-2\">\u2713<\/td><td class=\"column-3\">\u2713<\/td><td class=\"column-4\">\u2713<\/td><td class=\"column-5\">\u2713<\/td><td class=\"column-6\">\u2713<\/td>\n<\/tr>\n<tr class=\"row-43\">\n\t<td class=\"column-1\">Advanced SEO Configuration<\/td><td class=\"column-2\">Up to 4 pages<\/td><td class=\"column-3\">Up to 7 pages<\/td><td class=\"column-4\">Up 15 pages<\/td><td class=\"column-5\">Up 15 pages<\/td><td class=\"column-6\">Up 15 pages<\/td>\n<\/tr>\n<tr class=\"row-44\">\n\t<td class=\"column-1\">Competition analysis <\/td><td class=\"column-2\">Option<\/td><td class=\"column-3\">Option<\/td><td class=\"column-4\">Option<\/td><td class=\"column-5\">Option<\/td><td class=\"column-6\">Option<\/td>\n<\/tr>\n<tr class=\"row-45\">\n\t<td class=\"column-1\">Keyword targeting<\/td><td class=\"column-2\">Option<\/td><td class=\"column-3\">Option<\/td><td class=\"column-4\">Option<\/td><td class=\"column-5\">Option<\/td><td class=\"column-6\">Option<\/td>\n<\/tr>\n<tr class=\"row-46\">\n\t<td class=\"column-1\">Extra Plugin\/Component Installation &amp; Configuration<\/td><td class=\"column-2\">Ask for a quote<\/td><td class=\"column-3\">Ask for a quote<\/td><td class=\"column-4\">Ask for a quote<\/td><td class=\"column-5\">Ask for a quote<\/td><td class=\"column-6\">Ask for a quote<\/td>\n<\/tr>\n<tr class=\"row-47\">\n\t<td class=\"column-1\">Full Web Marketing Strategy<\/td><td class=\"column-2\">Ask for a quote<\/td><td class=\"column-3\">Ask for a quote<\/td><td class=\"column-4\">Ask for a quote<\/td><td class=\"column-5\">Ask for a quote<\/td><td class=\"column-6\">Ask for a quote<\/td>\n<\/tr>\n<\/tbody>\n<\/table>\n<!-- #tablepress-5 from cache -->\n","protected":false},"excerpt":{"rendered":"<p style=\"text-align: justify;\">Se avete dei dubbi sull&#8217;opportunit\u00e0 di vendere o meno i vostri articoli utilizzando internet per raggiungere pi\u00f9 clienti, perch\u00e9 pensate che un sito web sia troppo costoso o complicato, date un&#8217;occhiata alla nostra offerta esclusiva! Con un prezzo molto basso come questo, il ritorno sull&#8217;investimento sar\u00e0 molto rapido. Acquistate subito il vostro Shop online!<\/p>\n","protected":false},"featured_media":45278,"template":"","meta":{"_links_to":"","_links_to_target":""},"product_brand":[],"product_cat":[1852,1861,1842],"product_tag":[1927,1931,1929,2011,2009,1925],"class_list":{"0":"post-46378","1":"product","2":"type-product","3":"status-publish","4":"has-post-thumbnail","6":"product_cat-sito-web-pagina","7":"product_cat-sito-web-e-commerce","8":"product_cat-web-design","9":"product_tag-btb-it","10":"product_tag-btbtc-it","11":"product_tag-btc-it","12":"product_tag-negozio","13":"product_tag-negozio-di-e-commerce","14":"product_tag-sito-web-di-alto-livello","15":"product_shipping_class-sito-web-aziendale","17":"first","18":"instock","19":"shipping-taxable","20":"purchasable","21":"product-type-composite"},"composite_virtual":false,"composite_layout":"paged","composite_add_to_cart_form_location":"default","composite_editable_in_cart":false,"composite_sold_individually_context":"product","composite_shop_price_calc":"min_max","composite_components":[],"composite_scenarios":[],"_links":{"self":[{"href":"https:\/\/www.lowcostwebagency.com\/it\/wp-json\/wp\/v2\/product\/46378","targetHints":{"allow":["GET"]}}],"collection":[{"href":"https:\/\/www.lowcostwebagency.com\/it\/wp-json\/wp\/v2\/product"}],"about":[{"href":"https:\/\/www.lowcostwebagency.com\/it\/wp-json\/wp\/v2\/types\/product"}],"wp:featuredmedia":[{"embeddable":true,"href":"https:\/\/www.lowcostwebagency.com\/it\/wp-json\/wp\/v2\/media\/45278"}],"wp:attachment":[{"href":"https:\/\/www.lowcostwebagency.com\/it\/wp-json\/wp\/v2\/media?parent=46378"}],"wp:term":[{"taxonomy":"product_brand","embeddable":true,"href":"https:\/\/www.lowcostwebagency.com\/it\/wp-json\/wp\/v2\/product_brand?post=46378"},{"taxonomy":"product_cat","embeddable":true,"href":"https:\/\/www.lowcostwebagency.com\/it\/wp-json\/wp\/v2\/product_cat?post=46378"},{"taxonomy":"product_tag","embeddable":true,"href":"https:\/\/www.lowcostwebagency.com\/it\/wp-json\/wp\/v2\/product_tag?post=46378"}],"curies":[{"name":"wp","href":"https:\/\/api.w.org\/{rel}","templated":true}]}}