{"id":46381,"date":"2022-11-09T16:54:54","date_gmt":"2022-11-09T11:24:54","guid":{"rendered":"http:\/\/lowcostwebagency.com\/correzione-di-bozze\/"},"modified":"2022-11-09T16:54:54","modified_gmt":"2022-11-09T11:24:54","slug":"correzione-di-bozze","status":"publish","type":"product","link":"https:\/\/www.lowcostwebagency.com\/it\/correzione-di-bozze\/","title":{"rendered":"Correzione di bozze"},"content":{"rendered":"<h2 style=\"text-align: justify;\">La correzione dei vostri documenti fatta da uno scrittore professionista madrelingua a basso prezzo!<\/h2>\n<h3 style=\"text-align: justify;\">Richiedete un parere esterno per la correzione del vostro testo e ottenete una qualit\u00e0 eccellente del vostro documento senza alcun errore!<\/h3>\n<p style=\"text-align: justify;\">La correzione di bozze \u00e8 un&#8217;attivit\u00e0 ricorrente e obbligatoria, che risulta pi\u00f9 efficiente se effettuata da occhi esterni. Low Cost Web Agency vi supporta nelle vostre esigenze di correzione di bozze fornendovi il servizio di un <strong>correttore di bozze madrelingua<\/strong>. Individua eventuali errori presenti nel testo e apporta tutte le correzioni del caso.<\/p>\n<p style=\"text-align: justify;\">Per fornirvi un buon risultato, ci aspettiamo un minimo di<strong> qualit\u00e0 di scrittura<\/strong> per quanto riguarda il documento che ci fornite.<\/p>\n<p style=\"text-align: justify;\">Questo lavoro non \u00e8 finalizzato alla scrittura di contenuti, ma solo alla correzione di bozze.<\/p>\n<p style=\"text-align: justify;\">\n","protected":false},"excerpt":{"rendered":"<p style=\"text-align: justify;\">Uno <strong>scrittore professionista<\/strong> fornir\u00e0 una correzione di<strong> alta qualit\u00e0<\/strong>. Diteci di cosa avete bisogno, ci occuperemo di creare un documento privo di errori!<\/p>\n","protected":false},"featured_media":45044,"template":"","meta":{"_links_to":"","_links_to_target":""},"product_brand":[],"product_cat":[1873,1865,1843],"product_tag":[2016,2024,2018],"class_list":{"0":"post-46381","1":"product","2":"type-product","3":"status-publish","4":"has-post-thumbnail","6":"product_cat-correzione-di-bozze","7":"product_cat-marketing-dei-contenuti","8":"product_cat-web-marketing-it","9":"product_tag-correzione-di-bozze","10":"product_tag-qualita-della-scrittura","11":"product_tag-scrittore-nativo","13":"first","14":"instock","15":"shipping-taxable","16":"purchasable","17":"product-type-simple"},"composite_virtual":false,"composite_layout":"","composite_add_to_cart_form_location":"","composite_editable_in_cart":false,"composite_sold_individually_context":"","composite_shop_price_calc":"","composite_components":[],"composite_scenarios":[],"_links":{"self":[{"href":"https:\/\/www.lowcostwebagency.com\/it\/wp-json\/wp\/v2\/product\/46381","targetHints":{"allow":["GET"]}}],"collection":[{"href":"https:\/\/www.lowcostwebagency.com\/it\/wp-json\/wp\/v2\/product"}],"about":[{"href":"https:\/\/www.lowcostwebagency.com\/it\/wp-json\/wp\/v2\/types\/product"}],"wp:featuredmedia":[{"embeddable":true,"href":"https:\/\/www.lowcostwebagency.com\/it\/wp-json\/wp\/v2\/media\/45044"}],"wp:attachment":[{"href":"https:\/\/www.lowcostwebagency.com\/it\/wp-json\/wp\/v2\/media?parent=46381"}],"wp:term":[{"taxonomy":"product_brand","embeddable":true,"href":"https:\/\/www.lowcostwebagency.com\/it\/wp-json\/wp\/v2\/product_brand?post=46381"},{"taxonomy":"product_cat","embeddable":true,"href":"https:\/\/www.lowcostwebagency.com\/it\/wp-json\/wp\/v2\/product_cat?post=46381"},{"taxonomy":"product_tag","embeddable":true,"href":"https:\/\/www.lowcostwebagency.com\/it\/wp-json\/wp\/v2\/product_tag?post=46381"}],"curies":[{"name":"wp","href":"https:\/\/api.w.org\/{rel}","templated":true}]}}