{"id":46384,"date":"2022-11-09T16:54:55","date_gmt":"2022-11-09T11:24:55","guid":{"rendered":"http:\/\/lowcostwebagency.com\/installazione-del-tema-e-dei-contenuti-dimostrativi\/"},"modified":"2022-11-09T16:54:55","modified_gmt":"2022-11-09T11:24:55","slug":"installazione-del-tema-e-dei-contenuti-dimostrativi","status":"publish","type":"product","link":"https:\/\/www.lowcostwebagency.com\/it\/installazione-del-tema-e-dei-contenuti-dimostrativi\/","title":{"rendered":"Installazione del tema e dei contenuti dimostrativi"},"content":{"rendered":"<h2 style=\"text-align: justify;\">Low Cost Web Agency installa il vostro tema e il contenuto della demo per voi!<\/h2>\n<h3 style=\"text-align: justify;\">Il contenuto della demo del tema aiuta molto a costruire pi\u00f9 velocemente il vostro sito web professionale a basso costo.<\/h3>\n<p style=\"text-align: justify;\">Quando si utilizza un <strong>sistema di gestione dei contenuti<\/strong> (CMS) come WordPress o Joomla per costruire il proprio sito web, si pu\u00f2 scegliere di acquistare un template premium per dare al sito un aspetto professionale. In questo modo si ottiene una struttura ben consolidata per sviluppare il proprio sito web. La struttura del sito \u00e8 gi\u00e0 realizzata da noi, solo l&#8217;aggiunta dei vostri contenuti deve essere realizzata dopo l&#8217;installazione.<\/p>\n<p style=\"text-align: justify;\">Vi forniremo un prodotto professionale pronto per la personalizzazione. Spesso utilizziamo soluzioni Open Source come WordPress o Joomla per costruire i siti web dei nostri clienti. WordPress, Joomla e altri CMS non hanno alcun segreto per noi. Low Cost Web Agency \u00e8 un <strong>esperto di CMS<\/strong>!<\/p>\n<p style=\"text-align: justify;\">L&#8217;installazione di un modello con il nostro <strong>progettista esperto<\/strong> vi garantir\u00e0 il miglior risultato. Dopo tutto, potrete gestire il vostro <strong>sito web <\/strong>da soli o optare per servizi aggiuntivi con noi.<\/p>\n<p style=\"text-align: justify;\">Per usufruire di questo servizio, \u00e8 sufficiente fornirci il modello Premium acquistato. Basta scegliere le opzioni desiderate per completare l&#8217;ordine!<\/p>\n","protected":false},"excerpt":{"rendered":"<p style=\"text-align: justify;\">Non sapete come impostare il nuovo tema nel CMS del vostro sito? Low Cost Web Agency \u00e8 qui per sostenervi. In questo modo, Low Cost Web Agency svolger\u00e0 tutte le attivit\u00e0 tecniche relative all&#8217;installazione del vostro sito web. In seguito, sar\u00e0 facile per voi popolare il vostro nuovo sito web con i vostri contenuti.<\/p>\n","protected":false},"featured_media":45218,"template":"","meta":{"_links_to":"","_links_to_target":""},"product_brand":[],"product_cat":[1863,1852,1842],"product_tag":[2026,2030,2033],"class_list":{"0":"post-46384","1":"product","2":"type-product","3":"status-publish","4":"has-post-thumbnail","6":"product_cat-codifica-e-debug","7":"product_cat-sito-web-pagina","8":"product_cat-web-design","9":"product_tag-contenuto-del-tema-e-della-demo","10":"product_tag-esperto-cms","11":"product_tag-modello-premium","12":"product_shipping_class-sito-web-aziendale","14":"first","15":"instock","16":"shipping-taxable","17":"purchasable","18":"product-type-composite"},"composite_virtual":false,"composite_layout":"paged","composite_add_to_cart_form_location":"default","composite_editable_in_cart":false,"composite_sold_individually_context":"product","composite_shop_price_calc":"min_max","composite_components":[],"composite_scenarios":[],"_links":{"self":[{"href":"https:\/\/www.lowcostwebagency.com\/it\/wp-json\/wp\/v2\/product\/46384","targetHints":{"allow":["GET"]}}],"collection":[{"href":"https:\/\/www.lowcostwebagency.com\/it\/wp-json\/wp\/v2\/product"}],"about":[{"href":"https:\/\/www.lowcostwebagency.com\/it\/wp-json\/wp\/v2\/types\/product"}],"wp:featuredmedia":[{"embeddable":true,"href":"https:\/\/www.lowcostwebagency.com\/it\/wp-json\/wp\/v2\/media\/45218"}],"wp:attachment":[{"href":"https:\/\/www.lowcostwebagency.com\/it\/wp-json\/wp\/v2\/media?parent=46384"}],"wp:term":[{"taxonomy":"product_brand","embeddable":true,"href":"https:\/\/www.lowcostwebagency.com\/it\/wp-json\/wp\/v2\/product_brand?post=46384"},{"taxonomy":"product_cat","embeddable":true,"href":"https:\/\/www.lowcostwebagency.com\/it\/wp-json\/wp\/v2\/product_cat?post=46384"},{"taxonomy":"product_tag","embeddable":true,"href":"https:\/\/www.lowcostwebagency.com\/it\/wp-json\/wp\/v2\/product_tag?post=46384"}],"curies":[{"name":"wp","href":"https:\/\/api.w.org\/{rel}","templated":true}]}}