{"id":46385,"date":"2022-11-09T16:54:55","date_gmt":"2022-11-09T11:24:55","guid":{"rendered":"http:\/\/lowcostwebagency.com\/newsletter-pay-per-campaign\/"},"modified":"2022-11-09T18:14:12","modified_gmt":"2022-11-09T12:44:12","slug":"newsletter-pay-per-campaign","status":"publish","type":"product","link":"https:\/\/www.lowcostwebagency.com\/it\/newsletter-pay-per-campaign\/","title":{"rendered":"Newsletter Pay Per Campaign"},"content":{"rendered":"<h2 style=\"text-align: justify;\">Low Cost Web Agency vi fornisce un&#8217;offerta personalizzata per soddisfare le vostre esigenze<\/h2>\n<h3 style=\"text-align: justify;\">Il nostro strumento di gestione delle newsletter offre maggiore efficienza alle vostre campagne&#8230;<\/h3>\n<p style=\"text-align: justify;\">In questo mondo commerciale cos\u00ec competitivo, le aziende indirizzano e-mail personalizzate ai propri clienti per essere pi\u00f9 attente e per tenere informati i clienti sui loro recenti aggiornamenti.<\/p>\n<p style=\"text-align: justify;\">Il segreto \u00e8 implementare uno <strong>strumento di gestione delle newsletter<\/strong>, utile per condividere le offerte promozionali, diffondere le notizie aziendali o invitare i clienti a un evento. L&#8217;obiettivo \u00e8 attirare nuovi clienti o trasmettere un messaggio globale a un gran numero di contatti.<\/p>\n<p style=\"text-align: justify;\">Se volete gi\u00e0 creare la vostra newsletter, probabilmente avrete gi\u00e0 notato che la gestione della newsletter non \u00e8 un processo semplice! \u00c8 necessario gestire il design, l&#8217;elenco dei contatti e, naturalmente, l&#8217;<strong>ottimizzazione completa<\/strong>. Infatti, l&#8217;obiettivo principale di una newsletter \u00e8 quello di essere aperta e letta dalle persone!<\/p>\n<h3 style=\"text-align: justify;\">Noi vi forniamo lo strumento adatto&#8230; Basta scegliere il metodo di pagamento che preferite!<\/h3>\n<p style=\"text-align: justify;\">Low Cost Web Agency vi fornisce uno<strong> strumento specifico<\/strong> per gestire la vostra campagna. Potete optare per <u>un&#8217;offerta per campagna<\/u> o per <a href=\"https:\/\/www.lowcostwebagency.com\/newsletter\/\" target=\"_blank\" rel=\"noopener noreferrer\">un abbonamento mensile <\/a>. Lo strumento consente di condividere il messaggio in modo <strong>professionale<\/strong>, rispettando tutte le regole e le normative aziendali applicabili. Sarete pi\u00f9 efficienti e professionali in un&#8217;attivit\u00e0 competitiva in cui la comunicazione con ogni cliente deve essere controllata.<\/p>\n<p style=\"text-align: justify;\">Low Cost Web Agency vi assiste durante il processo di invio e vi consiglia in qualsiasi momento. Non sarete soli in questo processo&#8230; La Web Agency Low Cost ti guida!<\/p>\n<p style=\"text-align: justify;\">Nota: Questo strumento consente di accedere allo strumento di gestione, che \u00e8 un servizio diverso dalla <a href=\"https:\/\/www.lowcostwebagency.com\/newsletter-design\/\" target=\"_blank\" rel=\"noopener noreferrer\">progettazione di newsletter<\/a>.<\/p>\n<p style=\"text-align: justify;\">Che altro, comprate subito!<\/p>\n<p style=\"text-align: justify;\">Vi suggeriamo di optare per il pagamento mensile se siete un mittente seriale di newsletter.  <u>Vedere la tabella seguente.<\/u><\/p>\n<p style=\"text-align: justify;\"><div class=\"fusion-fullwidth fullwidth-box fusion-builder-row-1 hundred-percent-fullwidth non-hundred-percent-height-scrolling\" style=\"--awb-border-radius-top-left:0px;--awb-border-radius-top-right:0px;--awb-border-radius-bottom-right:0px;--awb-border-radius-bottom-left:0px;--awb-overflow:visible;--awb-flex-wrap:wrap;\" ><div class=\"fusion-builder-row fusion-row\"><div class=\"fusion-layout-column fusion_builder_column fusion-builder-column-0 fusion_builder_column_1_1 1_1 fusion-one-full fusion-column-first fusion-column-last fusion-column-no-min-height\" style=\"--awb-bg-size:cover;--awb-margin-top:0px;--awb-margin-bottom:0px;\"><div class=\"fusion-column-wrapper fusion-flex-column-wrapper-legacy\">\n<table id=\"tablepress-8\" class=\"tablepress tablepress-id-8\">\n<thead>\n<tr class=\"row-1\">\n\t<th class=\"column-1\">FEATURES<\/th><th class=\"column-2\">BASIC<\/th><th class=\"column-3\">UNLIMITED<\/th><th class=\"column-4\">PREMIUM<\/th>\n<\/tr>\n<\/thead>\n<tbody class=\"row-striping row-hover\">\n<tr class=\"row-2\">\n\t<td class=\"column-1\">Price<\/td><td class=\"column-2\">Based on the contacts' number range<\/td><td class=\"column-3\">Based on the contacts' number range<\/td><td class=\"column-4\">Based on the contacts' number range<\/td>\n<\/tr>\n<tr class=\"row-3\">\n\t<td class=\"column-1\">Capacity<\/td><td class=\"column-2\">Send limited emails to X people<\/td><td class=\"column-3\">Send unlimited emails to X people<\/td><td class=\"column-4\">Send unlimited emails to X people<\/td>\n<\/tr>\n<tr class=\"row-4\">\n\t<td class=\"column-1\">Custom Success Manager<\/td><td class=\"column-2\">-<\/td><td class=\"column-3\">-<\/td><td class=\"column-4\">Yes<\/td>\n<\/tr>\n<tr class=\"row-5\">\n\t<td class=\"column-1\">Email Design Consultant<\/td><td class=\"column-2\">-<\/td><td class=\"column-3\">-<\/td><td class=\"column-4\">Yes<\/td>\n<\/tr>\n<tr class=\"row-6\">\n\t<td class=\"column-1\">Email Support<\/td><td class=\"column-2\">Basic email support<\/td><td class=\"column-3\">Priority email support<\/td><td class=\"column-4\">Priority Skype and email support<\/td>\n<\/tr>\n<tr class=\"row-7\">\n\t<td class=\"column-1\">Features<\/td><td class=\"column-2\">All core email marketing features<\/td><td class=\"column-3\">All core email marketing features<\/td><td class=\"column-4\">All core email marketing features<\/td>\n<\/tr>\n<tr class=\"row-8\">\n\t<td class=\"column-1\">Inbox preview<\/td><td class=\"column-2\">-<\/td><td class=\"column-3\">Unlimited<\/td><td class=\"column-4\">Unlimited<\/td>\n<\/tr>\n<tr class=\"row-9\">\n\t<td class=\"column-1\">Link Tracking<\/td><td class=\"column-2\">-<\/td><td class=\"column-3\">-<\/td><td class=\"column-4\">Advanced <\/td>\n<\/tr>\n<tr class=\"row-10\">\n\t<td class=\"column-1\">Marketing Automation<\/td><td class=\"column-2\">-<\/td><td class=\"column-3\">Advanced <\/td><td class=\"column-4\">Advanced <\/td>\n<\/tr>\n<tr class=\"row-11\">\n\t<td class=\"column-1\">Module Access<\/td><td class=\"column-2\">Basic marketing automation<\/td><td class=\"column-3\">Access to deliverability experts <\/td><td class=\"column-4\">Access to deliverability experts <\/td>\n<\/tr>\n<tr class=\"row-12\">\n\t<td class=\"column-1\">Spam Testing<\/td><td class=\"column-2\">-<\/td><td class=\"column-3\">Unlimited<\/td><td class=\"column-4\">Unlimited<\/td>\n<\/tr>\n<tr class=\"row-13\">\n\t<td class=\"column-1\">Template Management for Teams<\/td><td class=\"column-2\">-<\/td><td class=\"column-3\">-<\/td><td class=\"column-4\">Yes<\/td>\n<\/tr>\n<tr class=\"row-14\">\n\t<td class=\"column-1\">Email Design Consultant<\/td><td class=\"column-2\">-<\/td><td class=\"column-3\">-<\/td><td class=\"column-4\">Yes<\/td>\n<\/tr>\n<tr class=\"row-15\">\n\t<td class=\"column-1\">Online Training &amp; OnBoarding<\/td><td class=\"column-2\">-<\/td><td class=\"column-3\">-<\/td><td class=\"column-4\">Yes<\/td>\n<\/tr>\n<\/tbody>\n<\/table>\n<!-- #tablepress-8 from cache -->\n<div class=\"fusion-clearfix\"><\/div><\/div><\/div><\/div><\/div><\/p>\n","protected":false},"excerpt":{"rendered":"<p style=\"text-align: justify;\">Uno strumento per gestire la vostra campagna di newsletter, una grande idea&#8230; non \u00e8 vero?<\/p>\n<p style=\"text-align: justify;\">Low Cost Web Agency vi permette di trovare l&#8217;offerta pi\u00f9 adatta al vostro budget. Non aspettate oltre e procuratevi uno strumento e un&#8217;assistenza <strong>professionale<\/strong> per gestire le vostre <strong>campagne di Newsletter<\/strong>!<\/p>\n","protected":false},"featured_media":45117,"template":"","meta":{"_links_to":"","_links_to_target":""},"product_brand":[],"product_cat":[1866,1843],"product_tag":[2027,2025,2032,2029],"class_list":{"0":"post-46385","1":"product","2":"type-product","3":"status-publish","4":"has-post-thumbnail","6":"product_cat-marketing-via-e-mail","7":"product_cat-web-marketing-it","8":"product_tag-abbonamento-mensile","9":"product_tag-design-della-newsletter","10":"product_tag-newsletter-pay-per-campaign-it","11":"product_tag-strumento-di-gestione-delle-newsletter","13":"first","14":"instock","15":"shipping-taxable","16":"purchasable","17":"product-type-simple"},"composite_virtual":false,"composite_layout":"","composite_add_to_cart_form_location":"","composite_editable_in_cart":false,"composite_sold_individually_context":"","composite_shop_price_calc":"","composite_components":[],"composite_scenarios":[],"_links":{"self":[{"href":"https:\/\/www.lowcostwebagency.com\/it\/wp-json\/wp\/v2\/product\/46385","targetHints":{"allow":["GET"]}}],"collection":[{"href":"https:\/\/www.lowcostwebagency.com\/it\/wp-json\/wp\/v2\/product"}],"about":[{"href":"https:\/\/www.lowcostwebagency.com\/it\/wp-json\/wp\/v2\/types\/product"}],"wp:featuredmedia":[{"embeddable":true,"href":"https:\/\/www.lowcostwebagency.com\/it\/wp-json\/wp\/v2\/media\/45117"}],"wp:attachment":[{"href":"https:\/\/www.lowcostwebagency.com\/it\/wp-json\/wp\/v2\/media?parent=46385"}],"wp:term":[{"taxonomy":"product_brand","embeddable":true,"href":"https:\/\/www.lowcostwebagency.com\/it\/wp-json\/wp\/v2\/product_brand?post=46385"},{"taxonomy":"product_cat","embeddable":true,"href":"https:\/\/www.lowcostwebagency.com\/it\/wp-json\/wp\/v2\/product_cat?post=46385"},{"taxonomy":"product_tag","embeddable":true,"href":"https:\/\/www.lowcostwebagency.com\/it\/wp-json\/wp\/v2\/product_tag?post=46385"}],"curies":[{"name":"wp","href":"https:\/\/api.w.org\/{rel}","templated":true}]}}