{"id":46386,"date":"2016-10-27T11:30:15","date_gmt":"2016-10-27T11:30:15","guid":{"rendered":"http:\/\/lowcostwebagency.com\/da-pdf-a-documento\/"},"modified":"2022-11-09T18:14:20","modified_gmt":"2022-11-09T12:44:20","slug":"da-pdf-a-documento","status":"publish","type":"product","link":"https:\/\/www.lowcostwebagency.com\/it\/da-pdf-a-documento\/","title":{"rendered":"Da PDF a documento"},"content":{"rendered":"<h2 style=\"text-align: justify;\">Low Cost Web Agency converte i vostri documenti PDF in un formato modificabile<\/h2>\n<h3 style=\"text-align: justify;\">Se non sapete o non avete il software giusto per convertire il vostro PDF in un documento di buona qualit\u00e0, siete nel posto giusto!<\/h3>\n<p style=\"text-align: justify;\">  Il nostro senior Designer riprogetta il vostro PDF in un documento Word per una cifra molto ridotta!<\/p>\n<p style=\"text-align: justify;\">Successivamente, \u00e8 possibile modificare il documento PDF e apportare tutte le modifiche desiderate.<\/p>\n<blockquote><p>\u00c8 economico, \u00e8 facile, \u00e8 una Web Agency Low Cost!<\/p><\/blockquote>\n<p style=\"text-align: justify;\">La nostra offerta \u00e8 limitata a documenti di massimo 20 pagine. Se avete pi\u00f9 pagine, acquistate pi\u00f9 gig.<\/p>\n","protected":false},"excerpt":{"rendered":"<p style=\"text-align: justify;\">Avete bisogno di assistenza per convertire il vostro PDF in DOC? Siamo qui per aiutarvi.<\/p>\n","protected":false},"featured_media":45196,"template":"","meta":{"_links_to":"","_links_to_target":""},"product_brand":[],"product_cat":[1842,1851,1855],"product_tag":[2037,2036,2038],"class_list":{"0":"post-46386","1":"product","2":"type-product","3":"status-publish","4":"has-post-thumbnail","6":"product_cat-web-design","7":"product_cat-design-it","8":"product_cat-edizione-immagini-e-documenti","9":"product_tag-documento-word-it","10":"product_tag-pdf-it","11":"product_tag-riprogettazioni","13":"first","14":"instock","15":"shipping-taxable","16":"purchasable","17":"product-type-simple"},"composite_virtual":false,"composite_layout":"","composite_add_to_cart_form_location":"","composite_editable_in_cart":false,"composite_sold_individually_context":"","composite_shop_price_calc":"","composite_components":[],"composite_scenarios":[],"_links":{"self":[{"href":"https:\/\/www.lowcostwebagency.com\/it\/wp-json\/wp\/v2\/product\/46386","targetHints":{"allow":["GET"]}}],"collection":[{"href":"https:\/\/www.lowcostwebagency.com\/it\/wp-json\/wp\/v2\/product"}],"about":[{"href":"https:\/\/www.lowcostwebagency.com\/it\/wp-json\/wp\/v2\/types\/product"}],"wp:featuredmedia":[{"embeddable":true,"href":"https:\/\/www.lowcostwebagency.com\/it\/wp-json\/wp\/v2\/media\/45196"}],"wp:attachment":[{"href":"https:\/\/www.lowcostwebagency.com\/it\/wp-json\/wp\/v2\/media?parent=46386"}],"wp:term":[{"taxonomy":"product_brand","embeddable":true,"href":"https:\/\/www.lowcostwebagency.com\/it\/wp-json\/wp\/v2\/product_brand?post=46386"},{"taxonomy":"product_cat","embeddable":true,"href":"https:\/\/www.lowcostwebagency.com\/it\/wp-json\/wp\/v2\/product_cat?post=46386"},{"taxonomy":"product_tag","embeddable":true,"href":"https:\/\/www.lowcostwebagency.com\/it\/wp-json\/wp\/v2\/product_tag?post=46386"}],"curies":[{"name":"wp","href":"https:\/\/api.w.org\/{rel}","templated":true}]}}