{"id":46404,"date":"2022-11-09T18:14:15","date_gmt":"2022-11-09T12:44:15","guid":{"rendered":"http:\/\/lowcostwebagency.com\/firma-e-mail\/"},"modified":"2022-11-09T18:14:15","modified_gmt":"2022-11-09T12:44:15","slug":"firma-e-mail","status":"publish","type":"product","link":"https:\/\/www.lowcostwebagency.com\/it\/firma-e-mail\/","title":{"rendered":"Firma e-mail"},"content":{"rendered":"<h2 style=\"text-align: justify;\">Il nostro designer esperto prepara la vostra firma e-mail per pochi dollari<\/h2>\n<h3 style=\"text-align: justify;\">La vostra firma e-mail \u00e8 parte della promozione del vostro marchio!<\/h3>\n<p style=\"text-align: justify;\">I professionisti lo usano per firmare le loro e-mail quando scrivono ai loro contatti. La firma dell&#8217;e-mail deve essere costruita con lo stesso modello condiviso per tutti i dipendenti o membri.<\/p>\n<p style=\"text-align: justify;\">All&#8217;interno del vostro client di posta elettronica, avete la possibilit\u00e0 di configurare manualmente la vostra firma e-mail. Tuttavia, la personalizzazione \u00e8 limitata. Ad esempio, non \u00e8 possibile integrare il collegamento ipertestuale alla propria pagina Facebook o LinkedIn con i loghi sociali. Solo una firma HTML consente di avere una firma professionale. Diteci cosa volete che sia aggiunto nella vostra firma!<\/p>\n<p style=\"text-align: justify;\">Inoltre, a tutte le informazioni (indirizzo postale, e-mail, numero di telefono, ecc.), integreremo il vostro logo aziendale. Tutte le immagini della vostra firma sono archiviate sul nostro server dedicato per tutta la vita, pagando una sola volta. Se non avete ancora un vostro marchio d&#8217;identit\u00e0, consultate il nostro prodotto &#8220;Logo Design&#8221;!<\/p>\n<p style=\"text-align: justify;\">Che altro, comprate subito!<\/p>\n<p>Per esempio<\/p>\n<p><img decoding=\"async\" class=\"aligncenter size-full wp-image-30079\" src=\"https:\/\/www.lowcostwebagency.com\/wp-content\/uploads\/2016\/10\/emailsignature_dummy.png\" alt=\"\" width=\"545\" height=\"431\" title=\"\" srcset=\"https:\/\/www.lowcostwebagency.com\/wp-content\/uploads\/2016\/10\/emailsignature_dummy-200x158.png 200w, https:\/\/www.lowcostwebagency.com\/wp-content\/uploads\/2016\/10\/emailsignature_dummy-300x237.png 300w, https:\/\/www.lowcostwebagency.com\/wp-content\/uploads\/2016\/10\/emailsignature_dummy-400x316.png 400w, https:\/\/www.lowcostwebagency.com\/wp-content\/uploads\/2016\/10\/emailsignature_dummy-500x395.png 500w, https:\/\/www.lowcostwebagency.com\/wp-content\/uploads\/2016\/10\/emailsignature_dummy.png 545w\" sizes=\"(max-width: 545px) 100vw, 545px\" \/><\/p>\n","protected":false},"excerpt":{"rendered":"<p style=\"text-align: justify;\">La firma digitale per le vostre e-mail realizzata da <strong>Low Cost Web Agency<\/strong>.<\/p>\n<p style=\"text-align: justify;\">Comprate ora!<\/p>\n","protected":false},"featured_media":45178,"template":"","meta":{"_links_to":"","_links_to_target":""},"product_brand":[],"product_cat":[1859,1852,1842],"product_tag":[1946,2083,2085,2084],"class_list":{"0":"post-46404","1":"product","2":"type-product","3":"status-publish","4":"has-post-thumbnail","6":"product_cat-html-static-design-it","7":"product_cat-sito-web-pagina","8":"product_cat-web-design","9":"product_tag-design-del-logo","10":"product_tag-firma-e-mail","11":"product_tag-firma-professionale","12":"product_tag-promozione-del-marchio","14":"first","15":"instock","16":"shipping-taxable","17":"purchasable","18":"product-type-simple"},"composite_virtual":false,"composite_layout":"","composite_add_to_cart_form_location":"","composite_editable_in_cart":false,"composite_sold_individually_context":"","composite_shop_price_calc":"","composite_components":[],"composite_scenarios":[],"_links":{"self":[{"href":"https:\/\/www.lowcostwebagency.com\/it\/wp-json\/wp\/v2\/product\/46404","targetHints":{"allow":["GET"]}}],"collection":[{"href":"https:\/\/www.lowcostwebagency.com\/it\/wp-json\/wp\/v2\/product"}],"about":[{"href":"https:\/\/www.lowcostwebagency.com\/it\/wp-json\/wp\/v2\/types\/product"}],"wp:featuredmedia":[{"embeddable":true,"href":"https:\/\/www.lowcostwebagency.com\/it\/wp-json\/wp\/v2\/media\/45178"}],"wp:attachment":[{"href":"https:\/\/www.lowcostwebagency.com\/it\/wp-json\/wp\/v2\/media?parent=46404"}],"wp:term":[{"taxonomy":"product_brand","embeddable":true,"href":"https:\/\/www.lowcostwebagency.com\/it\/wp-json\/wp\/v2\/product_brand?post=46404"},{"taxonomy":"product_cat","embeddable":true,"href":"https:\/\/www.lowcostwebagency.com\/it\/wp-json\/wp\/v2\/product_cat?post=46404"},{"taxonomy":"product_tag","embeddable":true,"href":"https:\/\/www.lowcostwebagency.com\/it\/wp-json\/wp\/v2\/product_tag?post=46404"}],"curies":[{"name":"wp","href":"https:\/\/api.w.org\/{rel}","templated":true}]}}