{"id":46410,"date":"2022-11-09T18:14:18","date_gmt":"2022-11-09T12:44:18","guid":{"rendered":"http:\/\/lowcostwebagency.com\/intestazione-del-sito-web\/"},"modified":"2022-11-09T18:14:23","modified_gmt":"2022-11-09T12:44:23","slug":"intestazione-del-sito-web","status":"publish","type":"product","link":"https:\/\/www.lowcostwebagency.com\/it\/intestazione-del-sito-web\/","title":{"rendered":"Intestazione del sito web"},"content":{"rendered":"<h2>L&#8217;intestazione del sito web deve essere perfetta<\/h2>\n<h3>Mettete in risalto il vostro sito web con un banner d&#8217;intestazione che stupisca i vostri visitatori<\/h3>\n<p style=\"text-align: justify;\">L&#8217;intestazione del sito web \u00e8 collocata nella parte superiore del sito. Presenta ai visitatori del sito web la vostra attivit\u00e0. In base alla parte della testa, il visitatore giudicher\u00e0 se si trova nel posto giusto o meno e in pochi secondi decider\u00e0 se rimanere sul vostro sito o abbandonarlo! L&#8217;intestazione di un sito web professionale \u00e8 un fattore chiave di successo per migliorare il tasso di conversione. Facciamo il brand del vostro prodotto, della vostra azienda o anche di una persona che persuader\u00e0 il vostro visitatore a continuare la sua visita! L&#8217;intestazione del vostro sito web \u00e8 il modo migliore per comunicare rapidamente la vostra visione, i vostri valori, il vostro prodotto. L&#8217;intestazione del vostro sito web deve essere aggiornata spesso ed essere esclusiva di uno o pochi gruppi di pagine. Vedere sempre la stessa intestazione del sito web per mesi e anni risulter\u00e0 noioso per i vostri clienti.<\/p>\n<h3 style=\"text-align: justify;\">I vostri clienti sono i pi\u00f9 importanti per il vostro business, quindi dovete dare loro il massimo rispetto, migliorando la loro esperienza d&#8217;uso sul vostro sito web!<\/h3>\n<p style=\"text-align: justify;\">Il vostro obiettivo \u00e8 trasformare sempre i visitatori in clienti? A partire dall&#8217;intestazione del vostro sito web! Metteremo a vostra disposizione tutta la nostra esperienza per consigliarvi sul design dell&#8217;intestazione del vostro sito web. I nostri designer senior vi garantiscono il miglior risultato a basso prezzo. Potete decidere se volete i file sorgente dell&#8217;intestazione del vostro sito web o se vi serve solo la versione Web. Potete chiederci di caricare la nuova copertina direttamente sul vostro sito web. Sono disponibili molte opzioni che si adattano alle vostre esigenze e vi permettono di ottenere l&#8217;offerta di prezzo che vi soddisfa.<\/p>\n<blockquote><p><em>&#8220;Paghi solo quello che ti serve!&#8221;.<\/em><\/p><\/blockquote>\n<p style=\"text-align: justify;\">\u00c8 il motto della Low Cost Web Agency. Vogliamo fornire a tutti la possibilit\u00e0 di ottenere un&#8217;immagine professionale sul web senza spendere molto.<\/p>\n<p style=\"text-align: justify;\">Che altro, comprate subito!<\/p>\n<p style=\"text-align: justify;\"><div class=\"fusion-fullwidth fullwidth-box fusion-builder-row-1 hundred-percent-fullwidth non-hundred-percent-height-scrolling\" style=\"--awb-border-radius-top-left:0px;--awb-border-radius-top-right:0px;--awb-border-radius-bottom-right:0px;--awb-border-radius-bottom-left:0px;--awb-overflow:visible;--awb-flex-wrap:wrap;\" ><div class=\"fusion-builder-row fusion-row\"><div class=\"fusion-layout-column fusion_builder_column fusion-builder-column-0 fusion_builder_column_1_1 1_1 fusion-one-full fusion-column-first fusion-column-last fusion-column-no-min-height\" style=\"--awb-bg-size:cover;--awb-margin-top:0px;--awb-margin-bottom:0px;\"><div class=\"fusion-column-wrapper fusion-flex-column-wrapper-legacy\">\n<table id=\"tablepress-25\" class=\"tablepress tablepress-id-25\">\n<thead>\n<tr class=\"row-1\">\n\t<th class=\"column-1\">TYPE OF BANNER<\/th><th class=\"column-2\">Size (px)<\/th><th class=\"column-3\">INSTRUCTIONS<\/th>\n<\/tr>\n<\/thead>\n<tbody class=\"row-striping row-hover\">\n<tr class=\"row-2\">\n\t<td class=\"column-1\"><a href=\"\/product\/facebook-cover\/\" target=\"_blank\" rel=\"noopener noreferrer\">FACEBOOK COVER<\/a><\/td><td class=\"column-2\">828 * 315<\/td><td class=\"column-3\">For best results, download a RGB JPG file smaller than 100kb<\/td>\n<\/tr>\n<tr class=\"row-3\">\n\t<td class=\"column-1\"><a href=\"\/product\/linkedin-cover\/\" target=\"_blank\" rel=\"noopener noreferrer\">LINKEDIN COVER<\/a><\/td><td class=\"column-2\">Between 1400 * 425 and 4000 * 4000<\/td><td class=\"column-3\">Maximum size: 4 MB<\/td>\n<\/tr>\n<tr class=\"row-4\">\n\t<td class=\"column-1\"><a href=\"\/product\/twitter-cover\/\" target=\"_blank\" rel=\"noopener noreferrer\">TWITTER COVER<\/a><\/td><td class=\"column-2\">1500 * 500<\/td><td class=\"column-3\">Maximum size: 10 MB<\/td>\n<\/tr>\n<tr class=\"row-5\">\n\t<td class=\"column-1\"><a href=\"\/product\/google-cover\/\" target=\"_blank\" rel=\"noopener noreferrer\">GOOGLE+ COVER<\/a><\/td><td class=\"column-2\">1080 * 608<\/td><td class=\"column-3\">Minimum (px) : 480 * 270<br \/>\nMaximum (px) : 2120 * 1192<\/td>\n<\/tr>\n<tr class=\"row-6\">\n\t<td class=\"column-1\"><a href=\"\/product\/youtube-cover\/\" target=\"_blank\" rel=\"noopener noreferrer\">YOUTUBE COVER <\/a><\/td><td class=\"column-2\">2560 * 1440<\/td><td class=\"column-3\">-<\/td>\n<\/tr>\n<tr class=\"row-7\">\n\t<td class=\"column-1\"><a href=\"\/product\/advertisement-banner\/\" target=\"_blank\" rel=\"noopener noreferrer\">ADVERTISEMENT BANNER<\/a><\/td><td class=\"column-2\">Medium rectangle: 300 * 250<br \/>\nRanking: 728 * 90<br \/>\nWide skyscraper: 160 * 600<br \/>\nBanner: 468 * 60<br \/>\nSkyscraper: 120 * 600<br \/>\nRectangle: 300 * 100<br \/>\nMicro Bar: 88 * 31<br \/>\nHalf page: 300 * 600<br \/>\nLarge rectangle: 336 * 280<br \/>\nMobile classification: 320 * 50<\/td><td class=\"column-3\">Choose one of these dimensions<\/td>\n<\/tr>\n<tr class=\"row-8\">\n\t<td class=\"column-1\"><a href=\"\/product\/website-header\/\" target=\"_blank\" rel=\"noopener noreferrer\">WEBSITE HEADER<\/a><\/td><td class=\"column-2\">1024 * 300<\/td><td class=\"column-3\"><\/td>\n<\/tr>\n<tr class=\"row-9\">\n\t<td class=\"column-1\"><a href=\"\/product\/custom-banner\/\" target=\"_blank\" rel=\"noopener noreferrer\">CUSTOM BANNER<\/a><\/td><td class=\"column-2\">If you do not find the required size, ask us for a personalized banner offer.<\/td><td class=\"column-3\">-<\/td>\n<\/tr>\n<\/tbody>\n<\/table>\n<!-- #tablepress-25 from cache -->\n<div class=\"fusion-clearfix\"><\/div><\/div><\/div><\/div><\/div><\/p>\n","protected":false},"excerpt":{"rendered":"<p style=\"text-align: justify;\">Low Cost Web Agency mette a disposizione la sua <strong>esperienza<\/strong> e i suoi consigli per la <strong>progettazione della testata del<\/strong> vostro <strong>sito web<\/strong>.<\/p>\n","protected":false},"featured_media":45211,"template":"","meta":{"_links_to":"","_links_to_target":""},"product_brand":[],"product_cat":[1854,1851,1842],"product_tag":[2122,2124,2120],"class_list":{"0":"post-46410","1":"product","2":"type-product","3":"status-publish","4":"has-post-thumbnail","6":"product_cat-banner","7":"product_cat-design-it","8":"product_cat-web-design","9":"product_tag-banner-di-intestazione","10":"product_tag-immagine-professionale","11":"product_tag-intestazione-del-sito-web","13":"first","14":"instock","15":"shipping-taxable","16":"purchasable","17":"product-type-simple"},"composite_virtual":false,"composite_layout":"","composite_add_to_cart_form_location":"","composite_editable_in_cart":false,"composite_sold_individually_context":"","composite_shop_price_calc":"","composite_components":[],"composite_scenarios":[],"_links":{"self":[{"href":"https:\/\/www.lowcostwebagency.com\/it\/wp-json\/wp\/v2\/product\/46410","targetHints":{"allow":["GET"]}}],"collection":[{"href":"https:\/\/www.lowcostwebagency.com\/it\/wp-json\/wp\/v2\/product"}],"about":[{"href":"https:\/\/www.lowcostwebagency.com\/it\/wp-json\/wp\/v2\/types\/product"}],"wp:featuredmedia":[{"embeddable":true,"href":"https:\/\/www.lowcostwebagency.com\/it\/wp-json\/wp\/v2\/media\/45211"}],"wp:attachment":[{"href":"https:\/\/www.lowcostwebagency.com\/it\/wp-json\/wp\/v2\/media?parent=46410"}],"wp:term":[{"taxonomy":"product_brand","embeddable":true,"href":"https:\/\/www.lowcostwebagency.com\/it\/wp-json\/wp\/v2\/product_brand?post=46410"},{"taxonomy":"product_cat","embeddable":true,"href":"https:\/\/www.lowcostwebagency.com\/it\/wp-json\/wp\/v2\/product_cat?post=46410"},{"taxonomy":"product_tag","embeddable":true,"href":"https:\/\/www.lowcostwebagency.com\/it\/wp-json\/wp\/v2\/product_tag?post=46410"}],"curies":[{"name":"wp","href":"https:\/\/api.w.org\/{rel}","templated":true}]}}