{"id":46411,"date":"2022-11-09T18:14:18","date_gmt":"2022-11-09T12:44:18","guid":{"rendered":"http:\/\/lowcostwebagency.com\/ottimizzazione-delle-immagini\/"},"modified":"2022-11-09T18:14:18","modified_gmt":"2022-11-09T12:44:18","slug":"ottimizzazione-delle-immagini","status":"publish","type":"product","link":"https:\/\/www.lowcostwebagency.com\/it\/ottimizzazione-delle-immagini\/","title":{"rendered":"Ottimizzazione delle immagini"},"content":{"rendered":"<h2 style=\"text-align: justify;\"><strong>Ottimizzare il peso delle immagini e migliorare le prestazioni del blog o del sito web<\/strong><\/h2>\n<h3 style=\"text-align: justify;\">Perch\u00e9 le immagini devono essere sempre ottimizzate?<\/h3>\n<p style=\"text-align: justify;\">Oggi l&#8217;ottimizzazione delle immagini \u00e8 necessaria in molti casi. Ad esempio, \u00e8 necessario ridimensionare o alleggerire le immagini per ridurre il tempo di caricamento del sito web o del blog&#8230; La compressione dei file deve essere la pi\u00f9 piccola possibile, se si vuole fornire la migliore esperienza ai visitatori quando guardano il sito web attraverso un dispositivo mobile.<\/p>\n<p style=\"text-align: justify;\">Inoltre, se vendete prodotti su eBay, Amazon, Shopify, Etsy e altri negozi di e-commerce, vi viene richiesto di fornire le vostre immagini con un formato specifico e un peso massimo.<\/p>\n<h3>Perch\u00e9 dovreste scegliere noi?<\/h3>\n<p style=\"text-align: justify;\">Low Cost Web Agency ottimizza le immagini una per una e ne riduce il peso per ottenere il miglior risultato senza perdere in qualit\u00e0. Basta scegliere il numero di immagini che si desidera ottimizzare, da 1 a un massimo di 1000 immagini. Se il numero di immagini da ottimizzare \u00e8 maggiore, il prezzo unitario \u00e8 minore.<\/p>\n<p style=\"text-align: justify;\">Attenzione, questo servizio non \u00e8 adatto al fotoritocco in cui \u00e8 coinvolta la creativit\u00e0. Se state cercando questo tipo di servizio, date un&#8217;occhiata ai nostri altri lavori nella categoria Design. Il nostro team di assistenza \u00e8 a vostra disposizione anche via chat per consigliarvi nella scelta.<\/p>\n<p style=\"text-align: justify;\">Che altro, comprate subito!<\/p>\n","protected":false},"excerpt":{"rendered":"<p style=\"text-align: justify;\">La performance del vostro sito web nelle classifiche di ricerca \u00e8 spesso legata al tempo di caricamento delle vostre pagine. Per ridurre al massimo il tempo di caricamento del vostro sito web, dovrete ottimizzare il peso di ogni immagine. Potreste aver bisogno di immagini ottimizzate anche se volete vendere o mostrare i vostri prodotti su piattaforme come Amazon.<\/p>\n","protected":false},"featured_media":45187,"template":"","meta":{"_links_to":"","_links_to_target":""},"product_brand":[],"product_cat":[1851,1855,1842],"product_tag":[2123,2121,2125],"class_list":{"0":"post-46411","1":"product","2":"type-product","3":"status-publish","4":"has-post-thumbnail","6":"product_cat-design-it","7":"product_cat-edizione-immagini-e-documenti","8":"product_cat-web-design","9":"product_tag-categoria-design","10":"product_tag-ottimizzazione-delle-immagini","11":"product_tag-prestazioni-del-sito-web","13":"first","14":"instock","15":"shipping-taxable","16":"purchasable","17":"product-type-simple"},"composite_virtual":false,"composite_layout":"","composite_add_to_cart_form_location":"","composite_editable_in_cart":false,"composite_sold_individually_context":"","composite_shop_price_calc":"","composite_components":[],"composite_scenarios":[],"_links":{"self":[{"href":"https:\/\/www.lowcostwebagency.com\/it\/wp-json\/wp\/v2\/product\/46411","targetHints":{"allow":["GET"]}}],"collection":[{"href":"https:\/\/www.lowcostwebagency.com\/it\/wp-json\/wp\/v2\/product"}],"about":[{"href":"https:\/\/www.lowcostwebagency.com\/it\/wp-json\/wp\/v2\/types\/product"}],"wp:featuredmedia":[{"embeddable":true,"href":"https:\/\/www.lowcostwebagency.com\/it\/wp-json\/wp\/v2\/media\/45187"}],"wp:attachment":[{"href":"https:\/\/www.lowcostwebagency.com\/it\/wp-json\/wp\/v2\/media?parent=46411"}],"wp:term":[{"taxonomy":"product_brand","embeddable":true,"href":"https:\/\/www.lowcostwebagency.com\/it\/wp-json\/wp\/v2\/product_brand?post=46411"},{"taxonomy":"product_cat","embeddable":true,"href":"https:\/\/www.lowcostwebagency.com\/it\/wp-json\/wp\/v2\/product_cat?post=46411"},{"taxonomy":"product_tag","embeddable":true,"href":"https:\/\/www.lowcostwebagency.com\/it\/wp-json\/wp\/v2\/product_tag?post=46411"}],"curies":[{"name":"wp","href":"https:\/\/api.w.org\/{rel}","templated":true}]}}