{"id":46412,"date":"2022-11-09T18:14:19","date_gmt":"2022-11-09T12:44:19","guid":{"rendered":"http:\/\/lowcostwebagency.com\/sito-web-immobiliare\/"},"modified":"2022-11-09T18:14:19","modified_gmt":"2022-11-09T12:44:19","slug":"sito-web-immobiliare","status":"publish","type":"product","link":"https:\/\/www.lowcostwebagency.com\/it\/sito-web-immobiliare\/","title":{"rendered":"Sito web immobiliare"},"content":{"rendered":"<h2><strong>Low Cost Web Agency progetta il vostro sito web immobiliare per pochi soldi.<\/strong><\/h2>\n<h3><strong>Promuovete la vostra attivit\u00e0 e dimostrate di essere superiori ai vostri concorrenti grazie all&#8217;immagine web professionale che potete dare con la nostra offerta di siti web immobiliari.<\/strong><\/h3>\n<p style=\"text-align: justify;\">La soluzione per siti web immobiliari \u00e8 stata creata per soddisfare le esigenze delle societ\u00e0 immobiliari. Oggi vi offriamo due diversi strumenti per la promozione della vostra attivit\u00e0.<\/p>\n<p style=\"text-align: justify;\">Un <strong>designer professionista e competente<\/strong> progetta fino a 15 pagine per il vostro nuovo sito web, mentre voi potrete utilizzare queste pagine personalizzate per aggiungere un numero illimitato di articoli e propriet\u00e0. Inoltre, nella vostra homepage \u00e8 integrato uno slideshow (fino a 7 diapositive), il miglior strumento di comunicazione di marketing che dovete avere nella pagina principale del vostro sito web immobiliare. Per saperne di pi\u00f9 sui prodotti dei <u>siti web, consultate la tabella sottostante<\/u>.<\/p>\n<p style=\"text-align: justify;\">Il nostro successo \u00e8 dovuto alla vostra soddisfazione. Con questo obiettivo, ci stiamo chiedendo di costruire un mondo insieme.<\/p>\n<p style=\"text-align: justify;\">\u00c8 facile, \u00e8 economico, \u00e8 Low Cost Web Agency.<\/p>\n\n<table id=\"tablepress-5\" class=\"tablepress tablepress-id-5\">\n<thead>\n<tr class=\"row-1\">\n\t<th class=\"column-1\">SPECIFICATIONS<\/th><th class=\"column-2\"><a href=\"\/product\/blog\/\" target=\"_blank\" rel=\"noopener\">BLOG<\/a> \/ PERSONAL \/ SELF EMPLOYED<\/th><th class=\"column-3\"><a href=\"\/product\/small-business-website\/\" target=\"_blank\" rel=\"noopener\">SMALL BUSINESS<\/a><\/th><th class=\"column-4\"><a href=\"\/product\/corporate-website\/\" target=\"_blank\" rel=\"noopener\">CORPORATE BUSINESS<\/a> \/ <a href=\"\/product\/real-estate-website-ecommerce-website\/\" target=\"_blank\" rel=\"noopener\">REAL ESTATE<\/a><\/th><th class=\"column-5\"><a href=\"\/product\/portal-website\/\" target=\"_blank\" rel=\"noopener\">PORTAL<\/a><\/th><th class=\"column-6\">ALL ECOMMERCE<br \/>\n(<a href=\"\/product\/shop-website\/\" target=\"_blank\" rel=\"noopener\">SHOP<\/a> \/ <a href=\"\/product\/hotel-website\/\" target=\"_blank\" rel=\"noopener\">HOTEL<\/a> \/ <a href=\"\/product\/event-website\/\" target=\"_blank\" rel=\"noopener\">EVENT<\/a>\/ <a href=\"\/product\/real-estate-website-ecommerce-website\/\" target=\"_blank\" rel=\"noopener\">REAL ESTATE<\/a>)<\/th>\n<\/tr>\n<\/thead>\n<tbody class=\"row-striping row-hover\">\n<tr class=\"row-2\">\n\t<td class=\"column-1\">Domain Name<\/td><td class=\"column-2\">Option<\/td><td class=\"column-3\">Option<\/td><td class=\"column-4\">Option<\/td><td class=\"column-5\">Option<\/td><td class=\"column-6\">Option<\/td>\n<\/tr>\n<tr class=\"row-3\">\n\t<td class=\"column-1\">Hosting<\/td><td class=\"column-2\">Option<\/td><td class=\"column-3\">Option<\/td><td class=\"column-4\">Option<\/td><td class=\"column-5\">Option<\/td><td class=\"column-6\">Option<\/td>\n<\/tr>\n<tr class=\"row-4\">\n\t<td class=\"column-1\">N\u00f8 of pages<\/td><td class=\"column-2\">Unlimited<\/td><td class=\"column-3\">Unlimited<\/td><td class=\"column-4\">Unlimited<\/td><td class=\"column-5\">Unlimited<\/td><td class=\"column-6\">Unlimited<\/td>\n<\/tr>\n<tr class=\"row-5\">\n\t<td class=\"column-1\">N\u00f8 of Products \/ Listings<\/td><td class=\"column-2\"><\/td><td class=\"column-3\"><\/td><td class=\"column-4\"><\/td><td class=\"column-5\"><\/td><td class=\"column-6\">Unlimited<\/td>\n<\/tr>\n<tr class=\"row-6\">\n\t<td class=\"column-1\">Content\/Order Management System (CMS) \/ Back office - Back end Administration Interface \/ No Technicals Skills required to Update your Website<\/td><td class=\"column-2\">Wordpress\/Joomla<\/td><td class=\"column-3\">Wordpress\/Joomla<\/td><td class=\"column-4\">Wordpress\/Joomla<\/td><td class=\"column-5\">Wordpress \/ Joomla<\/td><td class=\"column-6\">Woocommerce (WP) \/ VirtueMart \/ Prestashop \/ Opencart \/ Magento<\/td>\n<\/tr>\n<tr class=\"row-7\">\n\t<td class=\"column-1\">Custom\/personalization of  Design<\/td><td class=\"column-2\">Up to 4 pages<\/td><td class=\"column-3\">Up to 7 pages<\/td><td class=\"column-4\">Up 15 pages<\/td><td class=\"column-5\">Up 15 pages<\/td><td class=\"column-6\">Up 15 pages<\/td>\n<\/tr>\n<tr class=\"row-8\">\n\t<td class=\"column-1\">Premium Theme Included<\/td><td class=\"column-2\">pick the one you like on Themeforest<\/td><td class=\"column-3\">pick the one you like on Themeforest<\/td><td class=\"column-4\">pick the one you like on Themeforest<\/td><td class=\"column-5\">pick the one you like on Themeforest<\/td><td class=\"column-6\">pick the one you like on Themeforest<\/td>\n<\/tr>\n<tr class=\"row-9\">\n\t<td class=\"column-1\">Responsive &amp; Mobile Friendly<\/td><td class=\"column-2\">\u2713<\/td><td class=\"column-3\">\u2713<\/td><td class=\"column-4\">\u2713<\/td><td class=\"column-5\">\u2713<\/td><td class=\"column-6\">\u2713<\/td>\n<\/tr>\n<tr class=\"row-10\">\n\t<td class=\"column-1\"><a href=\"\/product\/logo-design\/\" target=\"_blank\" rel=\"noopener\">Logo Design<\/a><\/td><td class=\"column-2\">Option<\/td><td class=\"column-3\">Option<\/td><td class=\"column-4\">Option<\/td><td class=\"column-5\">Option<\/td><td class=\"column-6\">Option<\/td>\n<\/tr>\n<tr class=\"row-11\">\n\t<td class=\"column-1\">Home page Design<\/td><td class=\"column-2\">\u2713<\/td><td class=\"column-3\">\u2713<\/td><td class=\"column-4\">\u2713<\/td><td class=\"column-5\">\u2713<\/td><td class=\"column-6\">\u2713<\/td>\n<\/tr>\n<tr class=\"row-12\">\n\t<td class=\"column-1\">Header Design<\/td><td class=\"column-2\">\u2713<\/td><td class=\"column-3\">\u2713<\/td><td class=\"column-4\">\u2713<\/td><td class=\"column-5\">\u2713<\/td><td class=\"column-6\">\u2713<\/td>\n<\/tr>\n<tr class=\"row-13\">\n\t<td class=\"column-1\">Slide Show Design<\/td><td class=\"column-2\">Up to 3 slides<\/td><td class=\"column-3\">Up to 5 slides<\/td><td class=\"column-4\">Up to 7 slides<\/td><td class=\"column-5\">Up to 7 slides<\/td><td class=\"column-6\">Up to 7 slides<\/td>\n<\/tr>\n<tr class=\"row-14\">\n\t<td class=\"column-1\">Custom Design\/Templates upon your brief<\/td><td class=\"column-2\">Ask for a quote<\/td><td class=\"column-3\">Ask for a quote<\/td><td class=\"column-4\">Ask for a quote<\/td><td class=\"column-5\">Ask for a quote<\/td><td class=\"column-6\">Ask for a quote<\/td>\n<\/tr>\n<tr class=\"row-15\">\n\t<td class=\"column-1\">Your Text content loaded Into the site (included Menu Text)<\/td><td class=\"column-2\">5000 words<\/td><td class=\"column-3\">8000 Words<\/td><td class=\"column-4\">15000 Words<\/td><td class=\"column-5\">15000 Words<\/td><td class=\"column-6\">15000 Words<\/td>\n<\/tr>\n<tr class=\"row-16\">\n\t<td class=\"column-1\">Your Images loaded Into the site (don't include Slideshow)<\/td><td class=\"column-2\">up to 6<\/td><td class=\"column-3\">up to 8<\/td><td class=\"column-4\">Up to 20<\/td><td class=\"column-5\">Up to 20<\/td><td class=\"column-6\">Up to 20<\/td>\n<\/tr>\n<tr class=\"row-17\">\n\t<td class=\"column-1\">Your Products \/ Listings Loaded Into the site<\/td><td class=\"column-2\"><\/td><td class=\"column-3\"><\/td><td class=\"column-4\"><\/td><td class=\"column-5\"><\/td><td class=\"column-6\">Up to 15<\/td>\n<\/tr>\n<tr class=\"row-18\">\n\t<td class=\"column-1\">Enquiry\/Contact form<\/td><td class=\"column-2\">\u2713<\/td><td class=\"column-3\">\u2713<\/td><td class=\"column-4\">\u2713<\/td><td class=\"column-5\">\u2713<\/td><td class=\"column-6\">\u2713<\/td>\n<\/tr>\n<tr class=\"row-19\">\n\t<td class=\"column-1\">FAQ Page System<\/td><td class=\"column-2\">Option<\/td><td class=\"column-3\">Option<\/td><td class=\"column-4\">Option<\/td><td class=\"column-5\">Option<\/td><td class=\"column-6\">Option<\/td>\n<\/tr>\n<tr class=\"row-20\">\n\t<td class=\"column-1\">Auto Terms of Service and Privacy Policy<\/td><td class=\"column-2\">Wordpress Only<\/td><td class=\"column-3\">Wordpress Only<\/td><td class=\"column-4\">Wordpress Only<\/td><td class=\"column-5\">Wordpress Only<\/td><td class=\"column-6\">Wordpress Only<\/td>\n<\/tr>\n<tr class=\"row-21\">\n\t<td class=\"column-1\">EU Cookies Law Compliance<\/td><td class=\"column-2\">\u2713<\/td><td class=\"column-3\">\u2713<\/td><td class=\"column-4\">\u2713<\/td><td class=\"column-5\">\u2713<\/td><td class=\"column-6\">\u2713<\/td>\n<\/tr>\n<tr class=\"row-22\">\n\t<td class=\"column-1\">Google map<\/td><td class=\"column-2\">\u2713<\/td><td class=\"column-3\">\u2713<\/td><td class=\"column-4\">\u2713<\/td><td class=\"column-5\">\u2713<\/td><td class=\"column-6\">\u2713<\/td>\n<\/tr>\n<tr class=\"row-23\">\n\t<td class=\"column-1\">Web\/Pro email<\/td><td class=\"column-2\">1<\/td><td class=\"column-3\">Up to 5<\/td><td class=\"column-4\">Unlimited<\/td><td class=\"column-5\">Unlimited<\/td><td class=\"column-6\">Unlimited<\/td>\n<\/tr>\n<tr class=\"row-24\">\n\t<td class=\"column-1\">Multilingual Capability<\/td><td class=\"column-2\">\u2713<\/td><td class=\"column-3\">\u2713<\/td><td class=\"column-4\">\u2713<\/td><td class=\"column-5\">\u2713<\/td><td class=\"column-6\">\u2713<\/td>\n<\/tr>\n<tr class=\"row-25\">\n\t<td class=\"column-1\">Blog Section<\/td><td class=\"column-2\">Yes it's good for SEO<\/td><td class=\"column-3\">Yes it's good for SEO<\/td><td class=\"column-4\">Yes it's good for SEO<\/td><td class=\"column-5\">Yes it's good for SEO<\/td><td class=\"column-6\">Yes it's good for SEO<\/td>\n<\/tr>\n<tr class=\"row-26\">\n\t<td class=\"column-1\">Customer care Chat Support (Zoopim Free)<\/td><td class=\"column-2\"><\/td><td class=\"column-3\">\u2713<\/td><td class=\"column-4\">\u2713<\/td><td class=\"column-5\">\u2713<\/td><td class=\"column-6\">\u2713<\/td>\n<\/tr>\n<tr class=\"row-27\">\n\t<td class=\"column-1\">Newsletter System Integration<\/td><td class=\"column-2\">Only with Business Hosting &amp; Dedicated Server<\/td><td class=\"column-3\">Only with Business Hosting &amp; Dedicated Server<\/td><td class=\"column-4\">Only with Business Hosting &amp; Dedicated Server<\/td><td class=\"column-5\">Only with Business Hosting &amp; Dedicated Server<\/td><td class=\"column-6\">Only with Business Hosting &amp; Dedicated Server<\/td>\n<\/tr>\n<tr class=\"row-28\">\n\t<td class=\"column-1\">Social Media Sharing Features<\/td><td class=\"column-2\">Only with Business Hosting &amp; Dedicated Server<\/td><td class=\"column-3\">Only with Business Hosting &amp; Dedicated Server<\/td><td class=\"column-4\">Only with Business Hosting &amp; Dedicated Server<\/td><td class=\"column-5\">Only with Business Hosting &amp; Dedicated Server<\/td><td class=\"column-6\">Only with Business Hosting &amp; Dedicated Server<\/td>\n<\/tr>\n<tr class=\"row-29\">\n\t<td class=\"column-1\">Social Media Account Integration<\/td><td class=\"column-2\">\u2713<\/td><td class=\"column-3\">\u2713<\/td><td class=\"column-4\">\u2713<\/td><td class=\"column-5\">\u2713<\/td><td class=\"column-6\">\u2713<\/td>\n<\/tr>\n<tr class=\"row-30\">\n\t<td class=\"column-1\">Facebook, Twitter, Google+, Linkedin login<\/td><td class=\"column-2\">Only with Business Hosting &amp; Dedicated Server<\/td><td class=\"column-3\">Only with Business Hosting &amp; Dedicated Server<\/td><td class=\"column-4\">Only with Business Hosting &amp; Dedicated Server<\/td><td class=\"column-5\">Only with Business Hosting &amp; Dedicated Server<\/td><td class=\"column-6\">Only with Business Hosting &amp; Dedicated Server<\/td>\n<\/tr>\n<tr class=\"row-31\">\n\t<td class=\"column-1\">User \/ Customer Login Dashboard<\/td><td class=\"column-2\">\u2713<\/td><td class=\"column-3\">\u2713<\/td><td class=\"column-4\">\u2713<\/td><td class=\"column-5\">\u2713<\/td><td class=\"column-6\">\u2713<\/td>\n<\/tr>\n<tr class=\"row-32\">\n\t<td class=\"column-1\">Online Payment<\/td><td class=\"column-2\">\u2713<\/td><td class=\"column-3\">\u2713<\/td><td class=\"column-4\">\u2713<\/td><td class=\"column-5\">\u2713<\/td><td class=\"column-6\">\u2713<\/td>\n<\/tr>\n<tr class=\"row-33\">\n\t<td class=\"column-1\">Paypal Checkout<\/td><td class=\"column-2\">\u2713<\/td><td class=\"column-3\">\u2713<\/td><td class=\"column-4\">\u2713<\/td><td class=\"column-5\">\u2713<\/td><td class=\"column-6\">\u2713<\/td>\n<\/tr>\n<tr class=\"row-34\">\n\t<td class=\"column-1\">Other Payment Gateway<\/td><td class=\"column-2\">Ask for a quote<\/td><td class=\"column-3\">Ask for a quote<\/td><td class=\"column-4\">Ask for a quote<\/td><td class=\"column-5\">Ask for a quote<\/td><td class=\"column-6\">Ask for a quote<\/td>\n<\/tr>\n<tr class=\"row-35\">\n\t<td class=\"column-1\">Remove Low Cost Web Agency Credits<\/td><td class=\"column-2\">Option<\/td><td class=\"column-3\">Option<\/td><td class=\"column-4\">Option<\/td><td class=\"column-5\">Option<\/td><td class=\"column-6\">Option<\/td>\n<\/tr>\n<tr class=\"row-36\">\n\t<td class=\"column-1\">Server cPanel Access<\/td><td class=\"column-2\">Option<\/td><td class=\"column-3\">Option<\/td><td class=\"column-4\">Option<\/td><td class=\"column-5\">Option<\/td><td class=\"column-6\">Option<\/td>\n<\/tr>\n<tr class=\"row-37\">\n\t<td class=\"column-1\">SSL Certificate<\/td><td class=\"column-2\">Option<\/td><td class=\"column-3\">Option<\/td><td class=\"column-4\">Option<\/td><td class=\"column-5\">Option<\/td><td class=\"column-6\">Option<\/td>\n<\/tr>\n<tr class=\"row-38\">\n\t<td class=\"column-1\">Sub Domains<\/td><td class=\"column-2\">Free &amp; Unlimited with our hosting plans<\/td><td class=\"column-3\">Free &amp; Unlimited with our hosting plans<\/td><td class=\"column-4\">Free &amp; Unlimited with our hosting plans<\/td><td class=\"column-5\">Free &amp; Unlimited with our hosting plans<\/td><td class=\"column-6\">Free &amp; Unlimited with our hosting plans<\/td>\n<\/tr>\n<tr class=\"row-39\">\n\t<td class=\"column-1\">Google Webmaster tools<\/td><td class=\"column-2\">\u2713<\/td><td class=\"column-3\">\u2713<\/td><td class=\"column-4\">\u2713<\/td><td class=\"column-5\">\u2713<\/td><td class=\"column-6\">\u2713<\/td>\n<\/tr>\n<tr class=\"row-40\">\n\t<td class=\"column-1\">Google Analytics<\/td><td class=\"column-2\">\u2713<\/td><td class=\"column-3\">\u2713<\/td><td class=\"column-4\">\u2713<\/td><td class=\"column-5\">\u2713<\/td><td class=\"column-6\">\u2713<\/td>\n<\/tr>\n<tr class=\"row-41\">\n\t<td class=\"column-1\">Search Engine Submissions<\/td><td class=\"column-2\">\u2713<\/td><td class=\"column-3\">\u2713<\/td><td class=\"column-4\">\u2713<\/td><td class=\"column-5\">\u2713<\/td><td class=\"column-6\">\u2713<\/td>\n<\/tr>\n<tr class=\"row-42\">\n\t<td class=\"column-1\">General SEO Configuration<\/td><td class=\"column-2\">\u2713<\/td><td class=\"column-3\">\u2713<\/td><td class=\"column-4\">\u2713<\/td><td class=\"column-5\">\u2713<\/td><td class=\"column-6\">\u2713<\/td>\n<\/tr>\n<tr class=\"row-43\">\n\t<td class=\"column-1\">Advanced SEO Configuration<\/td><td class=\"column-2\">Up to 4 pages<\/td><td class=\"column-3\">Up to 7 pages<\/td><td class=\"column-4\">Up 15 pages<\/td><td class=\"column-5\">Up 15 pages<\/td><td class=\"column-6\">Up 15 pages<\/td>\n<\/tr>\n<tr class=\"row-44\">\n\t<td class=\"column-1\">Competition analysis <\/td><td class=\"column-2\">Option<\/td><td class=\"column-3\">Option<\/td><td class=\"column-4\">Option<\/td><td class=\"column-5\">Option<\/td><td class=\"column-6\">Option<\/td>\n<\/tr>\n<tr class=\"row-45\">\n\t<td class=\"column-1\">Keyword targeting<\/td><td class=\"column-2\">Option<\/td><td class=\"column-3\">Option<\/td><td class=\"column-4\">Option<\/td><td class=\"column-5\">Option<\/td><td class=\"column-6\">Option<\/td>\n<\/tr>\n<tr class=\"row-46\">\n\t<td class=\"column-1\">Extra Plugin\/Component Installation &amp; Configuration<\/td><td class=\"column-2\">Ask for a quote<\/td><td class=\"column-3\">Ask for a quote<\/td><td class=\"column-4\">Ask for a quote<\/td><td class=\"column-5\">Ask for a quote<\/td><td class=\"column-6\">Ask for a quote<\/td>\n<\/tr>\n<tr class=\"row-47\">\n\t<td class=\"column-1\">Full Web Marketing Strategy<\/td><td class=\"column-2\">Ask for a quote<\/td><td class=\"column-3\">Ask for a quote<\/td><td class=\"column-4\">Ask for a quote<\/td><td class=\"column-5\">Ask for a quote<\/td><td class=\"column-6\">Ask for a quote<\/td>\n<\/tr>\n<\/tbody>\n<\/table>\n<!-- #tablepress-5 from cache -->\n","protected":false},"excerpt":{"rendered":"<p style=\"text-align: justify;\">Appositamente costruito da Low Cost Web Agency per le <strong>societ\u00e0 immobiliari<\/strong> che desiderano un sito web che consenta di condividere le offerte in corso online.<\/p>\n<p style=\"text-align: justify;\">Ottieni subito il tuo sito web immobiliare.<\/p>\n","protected":false},"featured_media":45199,"template":"","meta":{"_links_to":"","_links_to_target":""},"product_brand":[],"product_cat":[1852,1842,1860],"product_tag":[2127,2126,1921],"class_list":{"0":"post-46412","1":"product","2":"type-product","3":"status-publish","4":"has-post-thumbnail","6":"product_cat-sito-web-pagina","7":"product_cat-web-design","8":"product_cat-wordpress-joomla-drupal-sito-cms","9":"product_tag-comunicazione-di-marketing","10":"product_tag-immagine-web-professionale","11":"product_tag-sito-web-immobiliare","13":"first","14":"instock","15":"shipping-taxable","16":"product-type-variable"},"composite_virtual":false,"composite_layout":"","composite_add_to_cart_form_location":"","composite_editable_in_cart":false,"composite_sold_individually_context":"","composite_shop_price_calc":"","composite_components":[],"composite_scenarios":[],"_links":{"self":[{"href":"https:\/\/www.lowcostwebagency.com\/it\/wp-json\/wp\/v2\/product\/46412","targetHints":{"allow":["GET"]}}],"collection":[{"href":"https:\/\/www.lowcostwebagency.com\/it\/wp-json\/wp\/v2\/product"}],"about":[{"href":"https:\/\/www.lowcostwebagency.com\/it\/wp-json\/wp\/v2\/types\/product"}],"wp:featuredmedia":[{"embeddable":true,"href":"https:\/\/www.lowcostwebagency.com\/it\/wp-json\/wp\/v2\/media\/45199"}],"wp:attachment":[{"href":"https:\/\/www.lowcostwebagency.com\/it\/wp-json\/wp\/v2\/media?parent=46412"}],"wp:term":[{"taxonomy":"product_brand","embeddable":true,"href":"https:\/\/www.lowcostwebagency.com\/it\/wp-json\/wp\/v2\/product_brand?post=46412"},{"taxonomy":"product_cat","embeddable":true,"href":"https:\/\/www.lowcostwebagency.com\/it\/wp-json\/wp\/v2\/product_cat?post=46412"},{"taxonomy":"product_tag","embeddable":true,"href":"https:\/\/www.lowcostwebagency.com\/it\/wp-json\/wp\/v2\/product_tag?post=46412"}],"curies":[{"name":"wp","href":"https:\/\/api.w.org\/{rel}","templated":true}]}}