{"id":46573,"date":"2022-11-13T03:07:08","date_gmt":"2022-11-12T21:37:08","guid":{"rendered":"http:\/\/lowcostwebagency.com\/newsletter-pagamento-mensile\/"},"modified":"2022-11-13T03:07:31","modified_gmt":"2022-11-12T21:37:31","slug":"newsletter-pagamento-mensile","status":"publish","type":"product","link":"https:\/\/www.lowcostwebagency.com\/it\/newsletter-pagamento-mensile\/","title":{"rendered":"Newsletter Pagamento mensile"},"content":{"rendered":"<h2 style=\"text-align: justify;\">Low Cost Web Agency vi fornisce un&#8217;offerta di alta qualit\u00e0 per la gestione della vostra campagna di newsletter.<\/h2>\n<h3 style=\"text-align: justify;\">Ottenete l&#8217;efficienza necessaria per la gestione della vostra newsletter utilizzando lo strumento dedicato e avanzato di Low Cost Web Agency!<\/h3>\n<p style=\"text-align: justify;\">Le newsletter sono essenziali in un mondo commerciale competitivo. Le newsletter sono utili per condividere le vostre offerte promozionali, per diffondere notizie aziendali o anche per invitare i clienti a un evento. L&#8217;obiettivo \u00e8 attirare nuovi clienti o dare un messaggio globale a tutti i clienti attuali.<\/p>\n<p style=\"text-align: justify;\">Se volete gi\u00e0 creare la vostra newsletter, probabilmente avrete gi\u00e0 notato che la gestione della newsletter non \u00e8 un processo semplice! \u00c8 necessario gestire il design, l&#8217;elenco dei contatti e, naturalmente, l&#8217;ottimizzazione completa. Infatti, l&#8217;obiettivo principale di una newsletter \u00e8 quello di essere aperta e letta dalle persone!<\/p>\n<p style=\"text-align: justify;\">Low Cost Web Agency vi fornisce uno<strong> strumento specifico<\/strong> per gestire la vostra campagna. \u00c8 possibile optare per l&#8217;offerta di pagamento mensile o per il <a href=\"https:\/\/www.lowcostwebagency.com\/it\/newsletter-pay-per-campaign\/\" target=\"_blank\" rel=\"noopener noreferrer\">pagamento per campagna<\/a>. Lo strumento consente di condividere il messaggio in modo <strong>professionale<\/strong>, rispettando tutte le regole e le normative aziendali applicabili. Siete pi\u00f9 efficienti e professionali in un ambiente competitivo dove la comunicazione con ogni cliente deve essere controllata.<\/p>\n<p style=\"text-align: justify;\">Low Cost Web Agency vi assiste durante queste attivit\u00e0 e vi consiglia in qualsiasi momento. Non sarete soli in questo processo&#8230; Un gestore di newsletter professionista vi guider\u00e0!<\/p>\n<p style=\"text-align: justify;\">Nota: Questo strumento consente di accedere allo strumento di gestione, che \u00e8 un servizio diverso dalla <a href=\"https:\/\/www.lowcostwebagency.com\/it\/design-della-newsletter\/\" target=\"_blank\" rel=\"noopener noreferrer\">progettazione di Newsletter<\/a>.<\/p>\n<p style=\"text-align: justify;\">Web Agency a basso costo&#8230; tutto ci\u00f2 di cui avete bisogno!<\/p>\n<div class=\"fusion-fullwidth fullwidth-box fusion-builder-row-1 hundred-percent-fullwidth non-hundred-percent-height-scrolling\" style=\"--awb-border-radius-top-left:0px;--awb-border-radius-top-right:0px;--awb-border-radius-bottom-right:0px;--awb-border-radius-bottom-left:0px;--awb-overflow:visible;--awb-flex-wrap:wrap;\" ><div class=\"fusion-builder-row fusion-row\"><div class=\"fusion-layout-column fusion_builder_column fusion-builder-column-0 fusion_builder_column_1_1 1_1 fusion-one-full fusion-column-first fusion-column-last fusion-column-no-min-height\" style=\"--awb-bg-size:cover;--awb-margin-top:0px;--awb-margin-bottom:0px;\"><div class=\"fusion-column-wrapper fusion-flex-column-wrapper-legacy\">\n<table id=\"tablepress-8\" class=\"tablepress tablepress-id-8\">\n<thead>\n<tr class=\"row-1\">\n\t<th class=\"column-1\">FEATURES<\/th><th class=\"column-2\">BASIC<\/th><th class=\"column-3\">UNLIMITED<\/th><th class=\"column-4\">PREMIUM<\/th>\n<\/tr>\n<\/thead>\n<tbody class=\"row-striping row-hover\">\n<tr class=\"row-2\">\n\t<td class=\"column-1\">Price<\/td><td class=\"column-2\">Based on the contacts' number range<\/td><td class=\"column-3\">Based on the contacts' number range<\/td><td class=\"column-4\">Based on the contacts' number range<\/td>\n<\/tr>\n<tr class=\"row-3\">\n\t<td class=\"column-1\">Capacity<\/td><td class=\"column-2\">Send limited emails to X people<\/td><td class=\"column-3\">Send unlimited emails to X people<\/td><td class=\"column-4\">Send unlimited emails to X people<\/td>\n<\/tr>\n<tr class=\"row-4\">\n\t<td class=\"column-1\">Custom Success Manager<\/td><td class=\"column-2\">-<\/td><td class=\"column-3\">-<\/td><td class=\"column-4\">Yes<\/td>\n<\/tr>\n<tr class=\"row-5\">\n\t<td class=\"column-1\">Email Design Consultant<\/td><td class=\"column-2\">-<\/td><td class=\"column-3\">-<\/td><td class=\"column-4\">Yes<\/td>\n<\/tr>\n<tr class=\"row-6\">\n\t<td class=\"column-1\">Email Support<\/td><td class=\"column-2\">Basic email support<\/td><td class=\"column-3\">Priority email support<\/td><td class=\"column-4\">Priority Skype and email support<\/td>\n<\/tr>\n<tr class=\"row-7\">\n\t<td class=\"column-1\">Features<\/td><td class=\"column-2\">All core email marketing features<\/td><td class=\"column-3\">All core email marketing features<\/td><td class=\"column-4\">All core email marketing features<\/td>\n<\/tr>\n<tr class=\"row-8\">\n\t<td class=\"column-1\">Inbox preview<\/td><td class=\"column-2\">-<\/td><td class=\"column-3\">Unlimited<\/td><td class=\"column-4\">Unlimited<\/td>\n<\/tr>\n<tr class=\"row-9\">\n\t<td class=\"column-1\">Link Tracking<\/td><td class=\"column-2\">-<\/td><td class=\"column-3\">-<\/td><td class=\"column-4\">Advanced <\/td>\n<\/tr>\n<tr class=\"row-10\">\n\t<td class=\"column-1\">Marketing Automation<\/td><td class=\"column-2\">-<\/td><td class=\"column-3\">Advanced <\/td><td class=\"column-4\">Advanced <\/td>\n<\/tr>\n<tr class=\"row-11\">\n\t<td class=\"column-1\">Module Access<\/td><td class=\"column-2\">Basic marketing automation<\/td><td class=\"column-3\">Access to deliverability experts <\/td><td class=\"column-4\">Access to deliverability experts <\/td>\n<\/tr>\n<tr class=\"row-12\">\n\t<td class=\"column-1\">Spam Testing<\/td><td class=\"column-2\">-<\/td><td class=\"column-3\">Unlimited<\/td><td class=\"column-4\">Unlimited<\/td>\n<\/tr>\n<tr class=\"row-13\">\n\t<td class=\"column-1\">Template Management for Teams<\/td><td class=\"column-2\">-<\/td><td class=\"column-3\">-<\/td><td class=\"column-4\">Yes<\/td>\n<\/tr>\n<tr class=\"row-14\">\n\t<td class=\"column-1\">Email Design Consultant<\/td><td class=\"column-2\">-<\/td><td class=\"column-3\">-<\/td><td class=\"column-4\">Yes<\/td>\n<\/tr>\n<tr class=\"row-15\">\n\t<td class=\"column-1\">Online Training &amp; OnBoarding<\/td><td class=\"column-2\">-<\/td><td class=\"column-3\">-<\/td><td class=\"column-4\">Yes<\/td>\n<\/tr>\n<\/tbody>\n<\/table>\n<!-- #tablepress-8 from cache --><div class=\"fusion-clearfix\"><\/div><\/div><\/div><\/div><\/div>\n","protected":false},"excerpt":{"rendered":"<p style=\"text-align: justify;\">Uno strumento per gestire la vostra campagna di Newsletter, disponibile nel nostro one-stop shop!<\/p>\n<p style=\"text-align: justify;\">Low Cost Web Agency vi permette di trovare un&#8217;offerta tenendo conto del vostro budget. Non aspettate oltre e procuratevi uno strumento e un&#8217;assistenza <strong>professionale<\/strong> per gestire le vostre <strong>campagne di newsletter<\/strong>.<\/p>\n","protected":false},"featured_media":45118,"template":"","meta":{"_links_to":"","_links_to_target":""},"product_brand":[],"product_cat":[1866,1843],"product_tag":[2025,2108,2183,2184],"class_list":{"0":"post-46573","1":"product","2":"type-product","3":"status-publish","4":"has-post-thumbnail","6":"product_cat-marketing-via-e-mail","7":"product_cat-web-marketing-it","8":"product_tag-design-della-newsletter","9":"product_tag-newsletter-pagamento-mensile","10":"product_tag-pagamento-per-campagna","11":"product_tag-strumento-avanzato","13":"first","14":"instock","15":"shipping-taxable","16":"purchasable","17":"product-type-variable"},"composite_virtual":false,"composite_layout":"","composite_add_to_cart_form_location":"","composite_editable_in_cart":false,"composite_sold_individually_context":"","composite_shop_price_calc":"","composite_components":[],"composite_scenarios":[],"_links":{"self":[{"href":"https:\/\/www.lowcostwebagency.com\/it\/wp-json\/wp\/v2\/product\/46573","targetHints":{"allow":["GET"]}}],"collection":[{"href":"https:\/\/www.lowcostwebagency.com\/it\/wp-json\/wp\/v2\/product"}],"about":[{"href":"https:\/\/www.lowcostwebagency.com\/it\/wp-json\/wp\/v2\/types\/product"}],"wp:featuredmedia":[{"embeddable":true,"href":"https:\/\/www.lowcostwebagency.com\/it\/wp-json\/wp\/v2\/media\/45118"}],"wp:attachment":[{"href":"https:\/\/www.lowcostwebagency.com\/it\/wp-json\/wp\/v2\/media?parent=46573"}],"wp:term":[{"taxonomy":"product_brand","embeddable":true,"href":"https:\/\/www.lowcostwebagency.com\/it\/wp-json\/wp\/v2\/product_brand?post=46573"},{"taxonomy":"product_cat","embeddable":true,"href":"https:\/\/www.lowcostwebagency.com\/it\/wp-json\/wp\/v2\/product_cat?post=46573"},{"taxonomy":"product_tag","embeddable":true,"href":"https:\/\/www.lowcostwebagency.com\/it\/wp-json\/wp\/v2\/product_tag?post=46573"}],"curies":[{"name":"wp","href":"https:\/\/api.w.org\/{rel}","templated":true}]}}