{"id":46574,"date":"2022-11-13T03:07:08","date_gmt":"2022-11-12T21:37:08","guid":{"rendered":"http:\/\/lowcostwebagency.com\/banner-pubblicitario\/"},"modified":"2022-11-13T03:08:59","modified_gmt":"2022-11-12T21:38:59","slug":"banner-pubblicitario","status":"publish","type":"product","link":"https:\/\/www.lowcostwebagency.com\/it\/banner-pubblicitario\/","title":{"rendered":"Banner pubblicitario"},"content":{"rendered":"<h2><strong>Il nostro designer di talento crea il vostro banner pubblicitario per pochi dollari<\/strong><\/h2>\n<p style=\"text-align: justify;\">Lo scopo di un banner pubblicitario \u00e8 quello di espandere la vostra attivit\u00e0 a nuovi clienti. Si tratta di un&#8217;immagine che include un collegamento ipertestuale a una pagina specifica. Pu\u00f2 concludersi con una pagina di vendita di un prodotto, un modulo di contatto o un&#8217;offerta speciale.<\/p>\n<h3 style=\"text-align: justify;\">Il banner pubblicitario deve essere realizzato con cura<\/h3>\n<p style=\"text-align: justify;\">Il banner \u00e8 la prima immagine aziendale comunicata ai vostri potenziali clienti. Se volete attirarli, \u00e8 fondamentale avere un messaggio e un design chiari per il vostro annuncio.<\/p>\n<p style=\"text-align: justify;\">Infatti, si pu\u00f2 sperare di ottenere un ROI positivo solo se vengono riuniti tutti i criteri per farlo funzionare. La chiave del successo \u00e8 soprattutto la presentazione di un design e di un testo creativi per il vostro banner. Tuttavia, la <a href=\"https:\/\/www.lowcostwebagency.com\/it\/pagina-di-atterraggio\/\">landing page<\/a> deve presentare una buona maturit\u00e0 in termini di contenuti, immagini, video, ecc. Il vostro potenziale cliente pu\u00f2 cliccare sulla vostra pubblicit\u00e0, ma se la pagina in cui viene indirizzato non \u00e8 persuasiva, la vostra campagna pubblicitaria non pu\u00f2 avere successo. Per andare oltre, il vostro intero sito web potrebbe portare fiducia e serenit\u00e0 al vostro cliente.<\/p>\n<p style=\"text-align: justify;\">L&#8217;obiettivo del messaggio e il target del cliente sono i fattori principali per la costruzione dell&#8217;Ad Banner.<\/p>\n<p style=\"text-align: justify;\">Questo articolo pu\u00f2 essere utilizzato anche con altri nostri prodotti come &#8220;Campagna Facebook&#8221;, &#8220;Campagna LinkedIn&#8221;,<a href=\"https:\/\/www.lowcostwebagency.com\/google-adwords-campaign\/\">&#8220;Campagna Google Adwords<\/a>&#8220;.<\/p>\n<p style=\"text-align: justify;\">Che altro, comprate subito!<\/p>\n<div class=\"fusion-fullwidth fullwidth-box fusion-builder-row-1 hundred-percent-fullwidth non-hundred-percent-height-scrolling\" style=\"--awb-border-radius-top-left:0px;--awb-border-radius-top-right:0px;--awb-border-radius-bottom-right:0px;--awb-border-radius-bottom-left:0px;--awb-overflow:visible;--awb-flex-wrap:wrap;\" ><div class=\"fusion-builder-row fusion-row\"><div class=\"fusion-layout-column fusion_builder_column fusion-builder-column-0 fusion_builder_column_1_1 1_1 fusion-one-full fusion-column-first fusion-column-last fusion-column-no-min-height\" style=\"--awb-bg-size:cover;--awb-margin-top:0px;--awb-margin-bottom:0px;\"><div class=\"fusion-column-wrapper fusion-flex-column-wrapper-legacy\">\n<table id=\"tablepress-25\" class=\"tablepress tablepress-id-25\">\n<thead>\n<tr class=\"row-1\">\n\t<th class=\"column-1\">TYPE OF BANNER<\/th><th class=\"column-2\">Size (px)<\/th><th class=\"column-3\">INSTRUCTIONS<\/th>\n<\/tr>\n<\/thead>\n<tbody class=\"row-striping row-hover\">\n<tr class=\"row-2\">\n\t<td class=\"column-1\"><a href=\"\/product\/facebook-cover\/\" target=\"_blank\" rel=\"noopener noreferrer\">FACEBOOK COVER<\/a><\/td><td class=\"column-2\">828 * 315<\/td><td class=\"column-3\">For best results, download a RGB JPG file smaller than 100kb<\/td>\n<\/tr>\n<tr class=\"row-3\">\n\t<td class=\"column-1\"><a href=\"\/product\/linkedin-cover\/\" target=\"_blank\" rel=\"noopener noreferrer\">LINKEDIN COVER<\/a><\/td><td class=\"column-2\">Between 1400 * 425 and 4000 * 4000<\/td><td class=\"column-3\">Maximum size: 4 MB<\/td>\n<\/tr>\n<tr class=\"row-4\">\n\t<td class=\"column-1\"><a href=\"\/product\/twitter-cover\/\" target=\"_blank\" rel=\"noopener noreferrer\">TWITTER COVER<\/a><\/td><td class=\"column-2\">1500 * 500<\/td><td class=\"column-3\">Maximum size: 10 MB<\/td>\n<\/tr>\n<tr class=\"row-5\">\n\t<td class=\"column-1\"><a href=\"\/product\/google-cover\/\" target=\"_blank\" rel=\"noopener noreferrer\">GOOGLE+ COVER<\/a><\/td><td class=\"column-2\">1080 * 608<\/td><td class=\"column-3\">Minimum (px) : 480 * 270<br \/>\nMaximum (px) : 2120 * 1192<\/td>\n<\/tr>\n<tr class=\"row-6\">\n\t<td class=\"column-1\"><a href=\"\/product\/youtube-cover\/\" target=\"_blank\" rel=\"noopener noreferrer\">YOUTUBE COVER <\/a><\/td><td class=\"column-2\">2560 * 1440<\/td><td class=\"column-3\">-<\/td>\n<\/tr>\n<tr class=\"row-7\">\n\t<td class=\"column-1\"><a href=\"\/product\/advertisement-banner\/\" target=\"_blank\" rel=\"noopener noreferrer\">ADVERTISEMENT BANNER<\/a><\/td><td class=\"column-2\">Medium rectangle: 300 * 250<br \/>\nRanking: 728 * 90<br \/>\nWide skyscraper: 160 * 600<br \/>\nBanner: 468 * 60<br \/>\nSkyscraper: 120 * 600<br \/>\nRectangle: 300 * 100<br \/>\nMicro Bar: 88 * 31<br \/>\nHalf page: 300 * 600<br \/>\nLarge rectangle: 336 * 280<br \/>\nMobile classification: 320 * 50<\/td><td class=\"column-3\">Choose one of these dimensions<\/td>\n<\/tr>\n<tr class=\"row-8\">\n\t<td class=\"column-1\"><a href=\"\/product\/website-header\/\" target=\"_blank\" rel=\"noopener noreferrer\">WEBSITE HEADER<\/a><\/td><td class=\"column-2\">1024 * 300<\/td><td class=\"column-3\"><\/td>\n<\/tr>\n<tr class=\"row-9\">\n\t<td class=\"column-1\"><a href=\"\/product\/custom-banner\/\" target=\"_blank\" rel=\"noopener noreferrer\">CUSTOM BANNER<\/a><\/td><td class=\"column-2\">If you do not find the required size, ask us for a personalized banner offer.<\/td><td class=\"column-3\">-<\/td>\n<\/tr>\n<\/tbody>\n<\/table>\n<!-- #tablepress-25 from cache --><div class=\"fusion-clearfix\"><\/div><\/div><\/div><\/div><\/div>\n","protected":false},"excerpt":{"rendered":"<p style=\"text-align: justify;\">Un <strong>designer professionista <\/strong>crea il vostro<strong> banner pubblicitario<\/strong> per pochi dollari! Potete decidere se volete i file sorgente o meno e quante proposte volete che vi offriamo.<\/p>\n<p style=\"text-align: justify;\">In questo modo, \u00e8 possibile ottenere un banner pubblicitario professionale a basso costo o spendere un po&#8217; di pi\u00f9 per avere la possibilit\u00e0 di decidere tra pi\u00f9 versioni dello stesso.<\/p>\n","protected":false},"featured_media":45168,"template":"","meta":{"_links_to":"","_links_to_target":""},"product_brand":[],"product_cat":[1854,1851,1842],"product_tag":[2053,1945,1904],"class_list":{"0":"post-46574","1":"product","2":"type-product","3":"status-publish","4":"has-post-thumbnail","6":"product_cat-banner","7":"product_cat-design-it","8":"product_cat-web-design","9":"product_tag-banner-pubblicitario-it-2","10":"product_tag-campagna-facebook","11":"product_tag-pagina-di-atterraggio","13":"first","14":"instock","15":"shipping-taxable","16":"purchasable","17":"product-type-simple"},"composite_virtual":false,"composite_layout":"","composite_add_to_cart_form_location":"","composite_editable_in_cart":false,"composite_sold_individually_context":"","composite_shop_price_calc":"","composite_components":[],"composite_scenarios":[],"_links":{"self":[{"href":"https:\/\/www.lowcostwebagency.com\/it\/wp-json\/wp\/v2\/product\/46574","targetHints":{"allow":["GET"]}}],"collection":[{"href":"https:\/\/www.lowcostwebagency.com\/it\/wp-json\/wp\/v2\/product"}],"about":[{"href":"https:\/\/www.lowcostwebagency.com\/it\/wp-json\/wp\/v2\/types\/product"}],"wp:featuredmedia":[{"embeddable":true,"href":"https:\/\/www.lowcostwebagency.com\/it\/wp-json\/wp\/v2\/media\/45168"}],"wp:attachment":[{"href":"https:\/\/www.lowcostwebagency.com\/it\/wp-json\/wp\/v2\/media?parent=46574"}],"wp:term":[{"taxonomy":"product_brand","embeddable":true,"href":"https:\/\/www.lowcostwebagency.com\/it\/wp-json\/wp\/v2\/product_brand?post=46574"},{"taxonomy":"product_cat","embeddable":true,"href":"https:\/\/www.lowcostwebagency.com\/it\/wp-json\/wp\/v2\/product_cat?post=46574"},{"taxonomy":"product_tag","embeddable":true,"href":"https:\/\/www.lowcostwebagency.com\/it\/wp-json\/wp\/v2\/product_tag?post=46574"}],"curies":[{"name":"wp","href":"https:\/\/api.w.org\/{rel}","templated":true}]}}