{"id":46578,"date":"2022-11-13T03:07:42","date_gmt":"2022-11-12T21:37:42","guid":{"rendered":"http:\/\/lowcostwebagency.com\/installazione-e-configurazione-del-plugin\/"},"modified":"2022-11-13T03:08:48","modified_gmt":"2022-11-12T21:38:48","slug":"installazione-e-configurazione-del-plugin","status":"publish","type":"product","link":"https:\/\/www.lowcostwebagency.com\/it\/installazione-e-configurazione-del-plugin\/","title":{"rendered":"Installazione e configurazione del plugin"},"content":{"rendered":"<h2 style=\"text-align: justify;\">La Web Agency Low Cost vi supporta nella personalizzazione del CMS<\/h2>\n<h3 style=\"text-align: justify;\">Selezionate le migliori soluzioni di plugin per il vostro sito web e generate un valore aggiunto per i vostri utenti<\/h3>\n<p style=\"text-align: justify;\">Prima di aggiungere un nuovo plugin al vostro CMS, dovreste fare una lista ristretta dei componenti candidati. Definite le vostre esigenze e abbinatele al componente pi\u00f9 adatto. Tutti i plugin non presentano le stesse funzionalit\u00e0, lo stesso design, lo stesso livello di maturit\u00e0. Vi supporteremo nella scelta per aiutarvi a selezionare il plugin pi\u00f9 adatto a ci\u00f2 che state cercando!<\/p>\n<p style=\"text-align: justify;\">Alcune caratteristiche interessanti non fanno parte del vostro sito web, come ad esempio una chat, una parte di eCommerce. Un plugin \u00e8 la soluzione giusta per migliorare le possibilit\u00e0 del vostro sito web e aprire gli orizzonti.<\/p>\n","protected":false},"excerpt":{"rendered":"<p style=\"text-align: justify;\">Perch\u00e9 dedicare molto tempo all&#8217;installazione del plugin? Rendiamo tutto pi\u00f9 semplice con Low Cost Web Agency! Ci occupiamo dell&#8217;installazione e della configurazione del plugin.<\/p>\n","protected":false},"featured_media":45198,"template":"","meta":{"_links_to":"","_links_to_target":""},"product_brand":[],"product_cat":[1863,1852,1842],"product_tag":[2199,2196,2198],"class_list":{"0":"post-46578","1":"product","2":"type-product","3":"status-publish","4":"has-post-thumbnail","6":"product_cat-codifica-e-debug","7":"product_cat-sito-web-pagina","8":"product_cat-web-design","9":"product_tag-componente-corretto","10":"product_tag-installazione-e-configurazione-del-plugin","11":"product_tag-personalizzazione-del-cms","13":"first","14":"instock","15":"shipping-taxable","16":"product-type-external"},"composite_virtual":false,"composite_layout":"","composite_add_to_cart_form_location":"","composite_editable_in_cart":false,"composite_sold_individually_context":"","composite_shop_price_calc":"","composite_components":[],"composite_scenarios":[],"_links":{"self":[{"href":"https:\/\/www.lowcostwebagency.com\/it\/wp-json\/wp\/v2\/product\/46578","targetHints":{"allow":["GET"]}}],"collection":[{"href":"https:\/\/www.lowcostwebagency.com\/it\/wp-json\/wp\/v2\/product"}],"about":[{"href":"https:\/\/www.lowcostwebagency.com\/it\/wp-json\/wp\/v2\/types\/product"}],"wp:featuredmedia":[{"embeddable":true,"href":"https:\/\/www.lowcostwebagency.com\/it\/wp-json\/wp\/v2\/media\/45198"}],"wp:attachment":[{"href":"https:\/\/www.lowcostwebagency.com\/it\/wp-json\/wp\/v2\/media?parent=46578"}],"wp:term":[{"taxonomy":"product_brand","embeddable":true,"href":"https:\/\/www.lowcostwebagency.com\/it\/wp-json\/wp\/v2\/product_brand?post=46578"},{"taxonomy":"product_cat","embeddable":true,"href":"https:\/\/www.lowcostwebagency.com\/it\/wp-json\/wp\/v2\/product_cat?post=46578"},{"taxonomy":"product_tag","embeddable":true,"href":"https:\/\/www.lowcostwebagency.com\/it\/wp-json\/wp\/v2\/product_tag?post=46578"}],"curies":[{"name":"wp","href":"https:\/\/api.w.org\/{rel}","templated":true}]}}