{"id":46579,"date":"2022-11-13T03:07:43","date_gmt":"2022-11-12T21:37:43","guid":{"rendered":"http:\/\/lowcostwebagency.com\/blog-scrittura-di-post\/"},"modified":"2022-11-13T03:08:02","modified_gmt":"2022-11-12T21:38:02","slug":"blog-scrittura-di-post","status":"publish","type":"product","link":"https:\/\/www.lowcostwebagency.com\/it\/blog-scrittura-di-post\/","title":{"rendered":"Blog \/ Scrittura di post"},"content":{"rendered":"<h2 style=\"text-align: justify;\">Lasciate che Low Cost Web Agency migliori la vostra strategia di contenuti&#8230; I nostri redattori di contenuti scrivono post e articoli per il vostro sito web o per i vostri account social!<\/h2>\n<h3 style=\"text-align: justify;\">Generate nuove visite al vostro blog, sito web, profilo LinkedIn o pagina Facebook fornendo ai vostri visitatori i post e gli articoli che stanno cercando!<\/h3>\n<p style=\"text-align: justify;\">Non \u00e8 sempre facile trovare il tempo per<strong> aggiornare frequentemente il vostro blog, il vostro sito web o il vostro negozio di e-commerce<\/strong>. Tuttavia, <strong>essere attivi<\/strong> sul proprio sito web \u00e8 molto importante e pu\u00f2 richiedere molto tempo e competenze per produrre contenuti aggiornati. Se non create contenuti freschi, il vostro sito web risulter\u00e0 monotono per i vostri visitatori e quindi, molto rapidamente, il vostro sito web ricever\u00e0 meno visitatori! Google percepisce un sito web statico senza articoli freschi e unici come non interessante per gli utenti di Internet. Pertanto, Google d\u00e0 grande importanza alla qualit\u00e0 e alla quantit\u00e0 di nuovi articoli che pubblicate sul vostro sito web e allo stesso tempo decide come classificare il vostro sito. Questo ha sicuramente un impatto sul vostro posizionamento su Google!<\/p>\n<p style=\"text-align: justify;\">I contenuti che scriviamo per voi sono scritti dopo un&#8217;approfondita ricerca di parole chiave per soddisfare la vostra strategia SEO. Inoltre, strutturiamo il vostro testo tenendo conto di tutte le regole e i consigli di Google!<\/p>\n<p style=\"text-align: justify;\">Abbiamo una <strong>lunga esperienza<\/strong> nell&#8217;edizione di contenuti e nella correzione di bozze. Siamo creativi e innovativi. Low Cost Web Agency soddisfa tutte le vostre esigenze di contenuti, da quelli generali, tematici a quelli tecnici. Molti dei nostri clienti tornano da noi dopo il primo ordine di scrittura di contenuti per chiederne altri&#8230; Perch\u00e9? \u00c8 semplice, la Low Cost Web Agency offre il miglior <strong>rapporto qualit\u00e0\/prezzo<\/strong>!<\/p>\n<p style=\"text-align: justify;\">Iniziamo a capire l&#8217;argomento e il vostro pubblico di riferimento per essere coerenti con le vostre richieste. Sappiamo come strutturare un post e come scegliere i titoli (H1\/H2\/H3) e la lunghezza dei paragrafi. Deve iniziare con un&#8217;introduzione che attiri l&#8217;attenzione dei lettori. Le parole chiave vengono scelte e utilizzate in base alle best practice SEO e alla vostra strategia SEO. Alla fine, ricontrolliamo lo stile e la presentazione dei post per garantire una consegna di alta qualit\u00e0 ai nostri clienti.<\/p>\n<p style=\"text-align: justify;\">Se avete bisogno di riscrivere il vostro testo, scegliete il servizio di edizione dei contenuti!<\/p>\n<p style=\"text-align: justify;\">Questo prodotto \u00e8 solo per i contenuti in inglese.<\/p>\n<p style=\"text-align: justify;\">Comprate ora!<\/p>\n","protected":false},"excerpt":{"rendered":"<p style=\"text-align: justify;\">Low Cost Web Agency \u00e8 il vostro partner per tutte le esigenze relative alla vostra immagine web. Questo lavoro vi aiuta a <strong>mantenere e a riempire il vostro blog con grandi articoli unici.<\/strong><\/p>\n","protected":false},"featured_media":45092,"template":"","meta":{"_links_to":"","_links_to_target":""},"product_brand":[],"product_cat":[1871,1865],"product_tag":[2195,2016,2009,2197],"class_list":{"0":"post-46579","1":"product","2":"type-product","3":"status-publish","4":"has-post-thumbnail","6":"product_cat-blog-scrittura-di-post","7":"product_cat-marketing-dei-contenuti","8":"product_tag-articoli","9":"product_tag-correzione-di-bozze","10":"product_tag-negozio-di-e-commerce","11":"product_tag-scrittura-di-contenuti","13":"first","14":"instock","15":"shipping-taxable","16":"purchasable","17":"product-type-simple"},"composite_virtual":false,"composite_layout":"","composite_add_to_cart_form_location":"","composite_editable_in_cart":false,"composite_sold_individually_context":"","composite_shop_price_calc":"","composite_components":[],"composite_scenarios":[],"_links":{"self":[{"href":"https:\/\/www.lowcostwebagency.com\/it\/wp-json\/wp\/v2\/product\/46579","targetHints":{"allow":["GET"]}}],"collection":[{"href":"https:\/\/www.lowcostwebagency.com\/it\/wp-json\/wp\/v2\/product"}],"about":[{"href":"https:\/\/www.lowcostwebagency.com\/it\/wp-json\/wp\/v2\/types\/product"}],"wp:featuredmedia":[{"embeddable":true,"href":"https:\/\/www.lowcostwebagency.com\/it\/wp-json\/wp\/v2\/media\/45092"}],"wp:attachment":[{"href":"https:\/\/www.lowcostwebagency.com\/it\/wp-json\/wp\/v2\/media?parent=46579"}],"wp:term":[{"taxonomy":"product_brand","embeddable":true,"href":"https:\/\/www.lowcostwebagency.com\/it\/wp-json\/wp\/v2\/product_brand?post=46579"},{"taxonomy":"product_cat","embeddable":true,"href":"https:\/\/www.lowcostwebagency.com\/it\/wp-json\/wp\/v2\/product_cat?post=46579"},{"taxonomy":"product_tag","embeddable":true,"href":"https:\/\/www.lowcostwebagency.com\/it\/wp-json\/wp\/v2\/product_tag?post=46579"}],"curies":[{"name":"wp","href":"https:\/\/api.w.org\/{rel}","templated":true}]}}